{"id":8902,"date":"2021-10-01T12:58:08","date_gmt":"2021-10-01T12:58:08","guid":{"rendered":"https:\/\/wasahotels.ee\/resort\/?page_id=8902"},"modified":"2026-02-27T10:58:21","modified_gmt":"2026-02-27T10:58:21","slug":"kohvipausid","status":"publish","type":"page","link":"https:\/\/wasahotels.ee\/resort\/kohvipausid\/","title":{"rendered":"KOHVIPAUSID"},"content":{"rendered":"","protected":false},"excerpt":{"rendered":"","protected":false},"author":11,"featured_media":0,"parent":0,"menu_order":0,"comment_status":"closed","ping_status":"closed","template":"","meta":{"_acf_changed":false,"inline_featured_image":false,"footnotes":""},"class_list":["post-8902","page","type-page","status-publish","hentry"],"yoast_head":"<!-- This site is optimized with the Yoast SEO plugin v27.4 - https:\/\/yoast.com\/product\/yoast-seo-wordpress\/ -->\n<title>L\u00f5unamen\u00fc\u00fc I Wasa Resort restoran<\/title>\n<meta name=\"description\" content=\"OOTAME L\u00d5UNAT NAUTIMA E-R KELL 12.00-16.00.\" \/>\n<meta name=\"robots\" content=\"index, follow, max-snippet:-1, max-image-preview:large, max-video-preview:-1\" \/>\n<link rel=\"canonical\" href=\"https:\/\/wasahotels.ee\/resort\/kohvipausid\/\" \/>\n<meta property=\"og:locale\" content=\"et_EE\" \/>\n<meta property=\"og:type\" content=\"article\" \/>\n<meta property=\"og:title\" content=\"L\u00f5unamen\u00fc\u00fc I Wasa Resort restoran\" \/>\n<meta property=\"og:description\" content=\"OOTAME L\u00d5UNAT NAUTIMA E-R KELL 12.00-16.00.\" \/>\n<meta property=\"og:url\" content=\"https:\/\/wasahotels.ee\/resort\/kohvipausid\/\" \/>\n<meta property=\"og:site_name\" content=\"Wasa Resort\" \/>\n<meta property=\"article:publisher\" content=\"https:\/\/www.facebook.com\/wasaresort\/\" \/>\n<meta property=\"article:modified_time\" content=\"2026-02-27T10:58:21+00:00\" \/>\n<meta property=\"og:image\" content=\"https:\/\/wasahotels.ee\/resort\/wp-content\/uploads\/sites\/2\/2021\/10\/DSCF0651-scaled.jpg\" \/>\n\t<meta property=\"og:image:width\" content=\"2560\" \/>\n\t<meta property=\"og:image:height\" content=\"1707\" \/>\n\t<meta property=\"og:image:type\" content=\"image\/jpeg\" \/>\n<meta name=\"twitter:card\" content=\"summary_large_image\" \/>\n<meta name=\"twitter:title\" content=\"L\u00f5unamen\u00fc\u00fc I Wasa Resort restoran\" \/>\n<meta name=\"twitter:description\" content=\"OOTAME L\u00d5UNAT NAUTIMA E-R KELL 12.00-16.00.\" \/>\n<meta name=\"twitter:image\" content=\"https:\/\/wasahotels.ee\/resort\/wp-content\/uploads\/sites\/2\/2021\/10\/DSCF0651-scaled.jpg\" \/>\n<meta name=\"twitter:label1\" content=\"Est. reading time\" \/>\n\t<meta name=\"twitter:data1\" content=\"7 minutit\" \/>\n<script type=\"application\/ld+json\" class=\"yoast-schema-graph\">{\"@context\":\"https:\\\/\\\/schema.org\",\"@graph\":[{\"@type\":\"WebPage\",\"@id\":\"https:\\\/\\\/wasahotels.ee\\\/resort\\\/kohvipausid\\\/\",\"url\":\"https:\\\/\\\/wasahotels.ee\\\/resort\\\/kohvipausid\\\/\",\"name\":\"L\u00f5unamen\u00fc\u00fc I Wasa Resort restoran\",\"isPartOf\":{\"@id\":\"https:\\\/\\\/wasahotels.ee\\\/resort\\\/#website\"},\"datePublished\":\"2021-10-01T12:58:08+00:00\",\"dateModified\":\"2026-02-27T10:58:21+00:00\",\"description\":\"OOTAME L\u00d5UNAT NAUTIMA E-R KELL 12.00-16.00.\",\"breadcrumb\":{\"@id\":\"https:\\\/\\\/wasahotels.ee\\\/resort\\\/kohvipausid\\\/#breadcrumb\"},\"inLanguage\":\"et\",\"potentialAction\":[{\"@type\":\"ReadAction\",\"target\":[\"https:\\\/\\\/wasahotels.ee\\\/resort\\\/kohvipausid\\\/\"]}]},{\"@type\":\"BreadcrumbList\",\"@id\":\"https:\\\/\\\/wasahotels.ee\\\/resort\\\/kohvipausid\\\/#breadcrumb\",\"itemListElement\":[{\"@type\":\"ListItem\",\"position\":1,\"name\":\"Home\",\"item\":\"https:\\\/\\\/wasahotels.ee\\\/resort\\\/\"},{\"@type\":\"ListItem\",\"position\":2,\"name\":\"KOHVIPAUSID\"}]},{\"@type\":\"WebSite\",\"@id\":\"https:\\\/\\\/wasahotels.ee\\\/resort\\\/#website\",\"url\":\"https:\\\/\\\/wasahotels.ee\\\/resort\\\/\",\"name\":\"Wasa Resort\",\"description\":\"Wasa Resort\",\"potentialAction\":[{\"@type\":\"SearchAction\",\"target\":{\"@type\":\"EntryPoint\",\"urlTemplate\":\"https:\\\/\\\/wasahotels.ee\\\/resort\\\/?s={search_term_string}\"},\"query-input\":{\"@type\":\"PropertyValueSpecification\",\"valueRequired\":true,\"valueName\":\"search_term_string\"}}],\"inLanguage\":\"et\"}]}<\/script>\n<!-- \/ Yoast SEO plugin. -->","yoast_head_json":{"title":"L\u00f5unamen\u00fc\u00fc I Wasa Resort restoran","description":"OOTAME L\u00d5UNAT NAUTIMA E-R KELL 12.00-16.00.","robots":{"index":"index","follow":"follow","max-snippet":"max-snippet:-1","max-image-preview":"max-image-preview:large","max-video-preview":"max-video-preview:-1"},"canonical":"https:\/\/wasahotels.ee\/resort\/kohvipausid\/","og_locale":"et_EE","og_type":"article","og_title":"L\u00f5unamen\u00fc\u00fc I Wasa Resort restoran","og_description":"OOTAME L\u00d5UNAT NAUTIMA E-R KELL 12.00-16.00.","og_url":"https:\/\/wasahotels.ee\/resort\/kohvipausid\/","og_site_name":"Wasa Resort","article_publisher":"https:\/\/www.facebook.com\/wasaresort\/","article_modified_time":"2026-02-27T10:58:21+00:00","og_image":[{"width":2560,"height":1707,"url":"https:\/\/wasahotels.ee\/resort\/wp-content\/uploads\/sites\/2\/2021\/10\/DSCF0651-scaled.jpg","type":"image\/jpeg"}],"twitter_card":"summary_large_image","twitter_title":"L\u00f5unamen\u00fc\u00fc I Wasa Resort restoran","twitter_description":"OOTAME L\u00d5UNAT NAUTIMA E-R KELL 12.00-16.00.","twitter_image":"https:\/\/wasahotels.ee\/resort\/wp-content\/uploads\/sites\/2\/2021\/10\/DSCF0651-scaled.jpg","twitter_misc":{"Est. reading time":"7 minutit"},"schema":{"@context":"https:\/\/schema.org","@graph":[{"@type":"WebPage","@id":"https:\/\/wasahotels.ee\/resort\/kohvipausid\/","url":"https:\/\/wasahotels.ee\/resort\/kohvipausid\/","name":"L\u00f5unamen\u00fc\u00fc I Wasa Resort restoran","isPartOf":{"@id":"https:\/\/wasahotels.ee\/resort\/#website"},"datePublished":"2021-10-01T12:58:08+00:00","dateModified":"2026-02-27T10:58:21+00:00","description":"OOTAME L\u00d5UNAT NAUTIMA E-R KELL 12.00-16.00.","breadcrumb":{"@id":"https:\/\/wasahotels.ee\/resort\/kohvipausid\/#breadcrumb"},"inLanguage":"et","potentialAction":[{"@type":"ReadAction","target":["https:\/\/wasahotels.ee\/resort\/kohvipausid\/"]}]},{"@type":"BreadcrumbList","@id":"https:\/\/wasahotels.ee\/resort\/kohvipausid\/#breadcrumb","itemListElement":[{"@type":"ListItem","position":1,"name":"Home","item":"https:\/\/wasahotels.ee\/resort\/"},{"@type":"ListItem","position":2,"name":"KOHVIPAUSID"}]},{"@type":"WebSite","@id":"https:\/\/wasahotels.ee\/resort\/#website","url":"https:\/\/wasahotels.ee\/resort\/","name":"Wasa Resort","description":"Wasa Resort","potentialAction":[{"@type":"SearchAction","target":{"@type":"EntryPoint","urlTemplate":"https:\/\/wasahotels.ee\/resort\/?s={search_term_string}"},"query-input":{"@type":"PropertyValueSpecification","valueRequired":true,"valueName":"search_term_string"}}],"inLanguage":"et"}]}},"acf":[],"_links":{"self":[{"href":"https:\/\/wasahotels.ee\/resort\/wp-json\/wp\/v2\/pages\/8902","targetHints":{"allow":["GET"]}}],"collection":[{"href":"https:\/\/wasahotels.ee\/resort\/wp-json\/wp\/v2\/pages"}],"about":[{"href":"https:\/\/wasahotels.ee\/resort\/wp-json\/wp\/v2\/types\/page"}],"author":[{"embeddable":true,"href":"https:\/\/wasahotels.ee\/resort\/wp-json\/wp\/v2\/users\/11"}],"replies":[{"embeddable":true,"href":"https:\/\/wasahotels.ee\/resort\/wp-json\/wp\/v2\/comments?post=8902"}],"version-history":[{"count":64,"href":"https:\/\/wasahotels.ee\/resort\/wp-json\/wp\/v2\/pages\/8902\/revisions"}],"predecessor-version":[{"id":28566,"href":"https:\/\/wasahotels.ee\/resort\/wp-json\/wp\/v2\/pages\/8902\/revisions\/28566"}],"wp:attachment":[{"href":"https:\/\/wasahotels.ee\/resort\/wp-json\/wp\/v2\/media?parent=8902"}],"curies":[{"name":"wp","href":"https:\/\/api.w.org\/{rel}","templated":true}]}}