{"id":19026,"date":"2024-04-26T12:26:07","date_gmt":"2024-04-26T12:26:07","guid":{"rendered":"https:\/\/wasahotels.ee\/resort\/?page_id=19026"},"modified":"2026-03-20T14:38:48","modified_gmt":"2026-03-20T12:38:48","slug":"parkimine","status":"publish","type":"page","link":"https:\/\/wasahotels.ee\/resort\/parkimine\/","title":{"rendered":"Parkimine"},"content":{"rendered":"","protected":false},"excerpt":{"rendered":"","protected":false},"author":11,"featured_media":0,"parent":0,"menu_order":0,"comment_status":"closed","ping_status":"closed","template":"","meta":{"_acf_changed":false,"inline_featured_image":false,"footnotes":""},"class_list":["post-19026","page","type-page","status-publish","hentry"],"yoast_head":"<!-- This site is optimized with the Yoast SEO plugin v27.4 - https:\/\/yoast.com\/product\/yoast-seo-wordpress\/ -->\n<title>P\u00e4rnu I Wasa Resort I UUS spaahotell P\u00e4rnus n\u00fc\u00fcd avatud!<\/title>\n<meta name=\"description\" content=\"Uus spaahotell Wasa Resort toob P\u00e4rnusse omap\u00e4rase planeeringu, mis rikastab rannaala sisuliselt uue kvartaliga. P\u00e4rnu, on \u00fcks hoitud paik. Ootame sind.\" \/>\n<meta name=\"robots\" content=\"index, follow, max-snippet:-1, max-image-preview:large, max-video-preview:-1\" \/>\n<link rel=\"canonical\" href=\"https:\/\/wasahotels.ee\/resort\/parkimine\/\" \/>\n<meta property=\"og:locale\" content=\"et_EE\" \/>\n<meta property=\"og:type\" content=\"article\" \/>\n<meta property=\"og:title\" content=\"P\u00e4rnu I Wasa Resort I UUS spaahotell P\u00e4rnus n\u00fc\u00fcd avatud!\" \/>\n<meta property=\"og:description\" content=\"Uus spaahotell Wasa Resort toob P\u00e4rnusse omap\u00e4rase planeeringu, mis rikastab rannaala sisuliselt uue kvartaliga. P\u00e4rnu, on \u00fcks hoitud paik. Ootame sind.\" \/>\n<meta property=\"og:url\" content=\"https:\/\/wasahotels.ee\/resort\/parkimine\/\" \/>\n<meta property=\"og:site_name\" content=\"Wasa Resort\" \/>\n<meta property=\"article:publisher\" content=\"https:\/\/www.facebook.com\/wasaresort\/\" \/>\n<meta property=\"article:modified_time\" content=\"2026-03-20T12:38:48+00:00\" \/>\n<meta property=\"og:image\" content=\"https:\/\/wasahotels.ee\/resort\/wp-content\/uploads\/sites\/2\/2019\/06\/WasaResort_bassein_TonuTunnel.com_-web.jpeg\" \/>\n\t<meta property=\"og:image:width\" content=\"1320\" \/>\n\t<meta property=\"og:image:height\" content=\"880\" \/>\n\t<meta property=\"og:image:type\" content=\"image\/jpeg\" \/>\n<meta name=\"twitter:card\" content=\"summary_large_image\" \/>\n<meta name=\"twitter:label1\" content=\"Est. reading time\" \/>\n\t<meta name=\"twitter:data1\" content=\"2 minutit\" \/>\n<script type=\"application\/ld+json\" class=\"yoast-schema-graph\">{\"@context\":\"https:\\\/\\\/schema.org\",\"@graph\":[{\"@type\":\"WebPage\",\"@id\":\"https:\\\/\\\/wasahotels.ee\\\/resort\\\/parkimine\\\/\",\"url\":\"https:\\\/\\\/wasahotels.ee\\\/resort\\\/parkimine\\\/\",\"name\":\"P\u00e4rnu I Wasa Resort I UUS spaahotell P\u00e4rnus n\u00fc\u00fcd avatud!\",\"isPartOf\":{\"@id\":\"https:\\\/\\\/wasahotels.ee\\\/resort\\\/#website\"},\"datePublished\":\"2024-04-26T12:26:07+00:00\",\"dateModified\":\"2026-03-20T12:38:48+00:00\",\"description\":\"Uus spaahotell Wasa Resort toob P\u00e4rnusse omap\u00e4rase planeeringu, mis rikastab rannaala sisuliselt uue kvartaliga. P\u00e4rnu, on \u00fcks hoitud paik. Ootame sind.\",\"breadcrumb\":{\"@id\":\"https:\\\/\\\/wasahotels.ee\\\/resort\\\/parkimine\\\/#breadcrumb\"},\"inLanguage\":\"et\",\"potentialAction\":[{\"@type\":\"ReadAction\",\"target\":[\"https:\\\/\\\/wasahotels.ee\\\/resort\\\/parkimine\\\/\"]}]},{\"@type\":\"BreadcrumbList\",\"@id\":\"https:\\\/\\\/wasahotels.ee\\\/resort\\\/parkimine\\\/#breadcrumb\",\"itemListElement\":[{\"@type\":\"ListItem\",\"position\":1,\"name\":\"Home\",\"item\":\"https:\\\/\\\/wasahotels.ee\\\/resort\\\/\"},{\"@type\":\"ListItem\",\"position\":2,\"name\":\"Parkimine\"}]},{\"@type\":\"WebSite\",\"@id\":\"https:\\\/\\\/wasahotels.ee\\\/resort\\\/#website\",\"url\":\"https:\\\/\\\/wasahotels.ee\\\/resort\\\/\",\"name\":\"Wasa Resort\",\"description\":\"Wasa Resort\",\"potentialAction\":[{\"@type\":\"SearchAction\",\"target\":{\"@type\":\"EntryPoint\",\"urlTemplate\":\"https:\\\/\\\/wasahotels.ee\\\/resort\\\/?s={search_term_string}\"},\"query-input\":{\"@type\":\"PropertyValueSpecification\",\"valueRequired\":true,\"valueName\":\"search_term_string\"}}],\"inLanguage\":\"et\"}]}<\/script>\n<!-- \/ Yoast SEO plugin. -->","yoast_head_json":{"title":"P\u00e4rnu I Wasa Resort I UUS spaahotell P\u00e4rnus n\u00fc\u00fcd avatud!","description":"Uus spaahotell Wasa Resort toob P\u00e4rnusse omap\u00e4rase planeeringu, mis rikastab rannaala sisuliselt uue kvartaliga. P\u00e4rnu, on \u00fcks hoitud paik. Ootame sind.","robots":{"index":"index","follow":"follow","max-snippet":"max-snippet:-1","max-image-preview":"max-image-preview:large","max-video-preview":"max-video-preview:-1"},"canonical":"https:\/\/wasahotels.ee\/resort\/parkimine\/","og_locale":"et_EE","og_type":"article","og_title":"P\u00e4rnu I Wasa Resort I UUS spaahotell P\u00e4rnus n\u00fc\u00fcd avatud!","og_description":"Uus spaahotell Wasa Resort toob P\u00e4rnusse omap\u00e4rase planeeringu, mis rikastab rannaala sisuliselt uue kvartaliga. P\u00e4rnu, on \u00fcks hoitud paik. Ootame sind.","og_url":"https:\/\/wasahotels.ee\/resort\/parkimine\/","og_site_name":"Wasa Resort","article_publisher":"https:\/\/www.facebook.com\/wasaresort\/","article_modified_time":"2026-03-20T12:38:48+00:00","og_image":[{"width":1320,"height":880,"url":"https:\/\/wasahotels.ee\/resort\/wp-content\/uploads\/sites\/2\/2019\/06\/WasaResort_bassein_TonuTunnel.com_-web.jpeg","type":"image\/jpeg"}],"twitter_card":"summary_large_image","twitter_misc":{"Est. reading time":"2 minutit"},"schema":{"@context":"https:\/\/schema.org","@graph":[{"@type":"WebPage","@id":"https:\/\/wasahotels.ee\/resort\/parkimine\/","url":"https:\/\/wasahotels.ee\/resort\/parkimine\/","name":"P\u00e4rnu I Wasa Resort I UUS spaahotell P\u00e4rnus n\u00fc\u00fcd avatud!","isPartOf":{"@id":"https:\/\/wasahotels.ee\/resort\/#website"},"datePublished":"2024-04-26T12:26:07+00:00","dateModified":"2026-03-20T12:38:48+00:00","description":"Uus spaahotell Wasa Resort toob P\u00e4rnusse omap\u00e4rase planeeringu, mis rikastab rannaala sisuliselt uue kvartaliga. P\u00e4rnu, on \u00fcks hoitud paik. Ootame sind.","breadcrumb":{"@id":"https:\/\/wasahotels.ee\/resort\/parkimine\/#breadcrumb"},"inLanguage":"et","potentialAction":[{"@type":"ReadAction","target":["https:\/\/wasahotels.ee\/resort\/parkimine\/"]}]},{"@type":"BreadcrumbList","@id":"https:\/\/wasahotels.ee\/resort\/parkimine\/#breadcrumb","itemListElement":[{"@type":"ListItem","position":1,"name":"Home","item":"https:\/\/wasahotels.ee\/resort\/"},{"@type":"ListItem","position":2,"name":"Parkimine"}]},{"@type":"WebSite","@id":"https:\/\/wasahotels.ee\/resort\/#website","url":"https:\/\/wasahotels.ee\/resort\/","name":"Wasa Resort","description":"Wasa Resort","potentialAction":[{"@type":"SearchAction","target":{"@type":"EntryPoint","urlTemplate":"https:\/\/wasahotels.ee\/resort\/?s={search_term_string}"},"query-input":{"@type":"PropertyValueSpecification","valueRequired":true,"valueName":"search_term_string"}}],"inLanguage":"et"}]}},"acf":[],"_links":{"self":[{"href":"https:\/\/wasahotels.ee\/resort\/wp-json\/wp\/v2\/pages\/19026","targetHints":{"allow":["GET"]}}],"collection":[{"href":"https:\/\/wasahotels.ee\/resort\/wp-json\/wp\/v2\/pages"}],"about":[{"href":"https:\/\/wasahotels.ee\/resort\/wp-json\/wp\/v2\/types\/page"}],"author":[{"embeddable":true,"href":"https:\/\/wasahotels.ee\/resort\/wp-json\/wp\/v2\/users\/11"}],"replies":[{"embeddable":true,"href":"https:\/\/wasahotels.ee\/resort\/wp-json\/wp\/v2\/comments?post=19026"}],"version-history":[{"count":52,"href":"https:\/\/wasahotels.ee\/resort\/wp-json\/wp\/v2\/pages\/19026\/revisions"}],"predecessor-version":[{"id":29202,"href":"https:\/\/wasahotels.ee\/resort\/wp-json\/wp\/v2\/pages\/19026\/revisions\/29202"}],"wp:attachment":[{"href":"https:\/\/wasahotels.ee\/resort\/wp-json\/wp\/v2\/media?parent=19026"}],"curies":[{"name":"wp","href":"https:\/\/api.w.org\/{rel}","templated":true}]}}