{"id":16519,"date":"2023-09-27T12:53:41","date_gmt":"2023-09-27T12:53:41","guid":{"rendered":"https:\/\/wasahotels.ee\/resort\/?page_id=16519"},"modified":"2025-10-22T08:32:56","modified_gmt":"2025-10-22T08:32:56","slug":"spaabrekkie","status":"publish","type":"page","link":"https:\/\/wasahotels.ee\/resort\/spaabrekkie\/","title":{"rendered":"SPAA &amp; BREKKIE"},"content":{"rendered":"","protected":false},"excerpt":{"rendered":"","protected":false},"author":11,"featured_media":0,"parent":0,"menu_order":0,"comment_status":"closed","ping_status":"closed","template":"","meta":{"_acf_changed":false,"inline_featured_image":false,"footnotes":""},"class_list":["post-16519","page","type-page","status-publish","hentry"],"yoast_head":"<!-- This site is optimized with the Yoast SEO plugin v27.2 - https:\/\/yoast.com\/product\/yoast-seo-wordpress\/ -->\n<title>SPAA &amp; BREKKIE - Wasa Resort<\/title>\n<meta name=\"description\" content=\"Spaa ja hommikus\u00f6\u00f6k k\u00f5lab kui t\u00f5eline nauding alustamaks uut ilusat p\u00e4eva! Wasa Resort soovib seda head hommiku tunnet Sulle pakkuda.\" \/>\n<meta name=\"robots\" content=\"index, follow, max-snippet:-1, max-image-preview:large, max-video-preview:-1\" \/>\n<link rel=\"canonical\" href=\"https:\/\/wasahotels.ee\/resort\/spaabrekkie\/\" \/>\n<meta property=\"og:locale\" content=\"et_EE\" \/>\n<meta property=\"og:type\" content=\"article\" \/>\n<meta property=\"og:title\" content=\"SPAA &amp; BREKKIE - Wasa Resort\" \/>\n<meta property=\"og:description\" content=\"Spaa ja hommikus\u00f6\u00f6k k\u00f5lab kui t\u00f5eline nauding alustamaks uut ilusat p\u00e4eva! Wasa Resort soovib seda head hommiku tunnet Sulle pakkuda.\" \/>\n<meta property=\"og:url\" content=\"https:\/\/wasahotels.ee\/resort\/spaabrekkie\/\" \/>\n<meta property=\"og:site_name\" content=\"Wasa Resort\" \/>\n<meta property=\"article:publisher\" content=\"https:\/\/www.facebook.com\/wasaresort\/\" \/>\n<meta property=\"article:modified_time\" content=\"2025-10-22T08:32:56+00:00\" \/>\n<meta property=\"og:image\" content=\"https:\/\/wasahotels.ee\/resort\/wp-content\/uploads\/sites\/2\/2019\/06\/WasaResort_bassein_TonuTunnel.com_-web.jpeg\" \/>\n\t<meta property=\"og:image:width\" content=\"1320\" \/>\n\t<meta property=\"og:image:height\" content=\"880\" \/>\n\t<meta property=\"og:image:type\" content=\"image\/jpeg\" \/>\n<meta name=\"twitter:card\" content=\"summary_large_image\" \/>\n<meta name=\"twitter:label1\" content=\"Est. reading time\" \/>\n\t<meta name=\"twitter:data1\" content=\"3 minutit\" \/>\n<script type=\"application\/ld+json\" class=\"yoast-schema-graph\">{\"@context\":\"https:\/\/schema.org\",\"@graph\":[{\"@type\":\"WebPage\",\"@id\":\"https:\/\/wasahotels.ee\/resort\/spaabrekkie\/\",\"url\":\"https:\/\/wasahotels.ee\/resort\/spaabrekkie\/\",\"name\":\"SPAA &amp; BREKKIE - Wasa Resort\",\"isPartOf\":{\"@id\":\"https:\/\/wasahotels.ee\/resort\/#website\"},\"datePublished\":\"2023-09-27T12:53:41+00:00\",\"dateModified\":\"2025-10-22T08:32:56+00:00\",\"description\":\"Spaa ja hommikus\u00f6\u00f6k k\u00f5lab kui t\u00f5eline nauding alustamaks uut ilusat p\u00e4eva! Wasa Resort soovib seda head hommiku tunnet Sulle pakkuda.\",\"breadcrumb\":{\"@id\":\"https:\/\/wasahotels.ee\/resort\/spaabrekkie\/#breadcrumb\"},\"inLanguage\":\"et\",\"potentialAction\":[{\"@type\":\"ReadAction\",\"target\":[\"https:\/\/wasahotels.ee\/resort\/spaabrekkie\/\"]}]},{\"@type\":\"BreadcrumbList\",\"@id\":\"https:\/\/wasahotels.ee\/resort\/spaabrekkie\/#breadcrumb\",\"itemListElement\":[{\"@type\":\"ListItem\",\"position\":1,\"name\":\"Home\",\"item\":\"https:\/\/wasahotels.ee\/resort\/\"},{\"@type\":\"ListItem\",\"position\":2,\"name\":\"SPAA &amp; BREKKIE\"}]},{\"@type\":\"WebSite\",\"@id\":\"https:\/\/wasahotels.ee\/resort\/#website\",\"url\":\"https:\/\/wasahotels.ee\/resort\/\",\"name\":\"Wasa Resort\",\"description\":\"Wasa Resort\",\"potentialAction\":[{\"@type\":\"SearchAction\",\"target\":{\"@type\":\"EntryPoint\",\"urlTemplate\":\"https:\/\/wasahotels.ee\/resort\/?s={search_term_string}\"},\"query-input\":{\"@type\":\"PropertyValueSpecification\",\"valueRequired\":true,\"valueName\":\"search_term_string\"}}],\"inLanguage\":\"et\"}]}<\/script>\n<!-- \/ Yoast SEO plugin. -->","yoast_head_json":{"title":"SPAA &amp; BREKKIE - Wasa Resort","description":"Spaa ja hommikus\u00f6\u00f6k k\u00f5lab kui t\u00f5eline nauding alustamaks uut ilusat p\u00e4eva! Wasa Resort soovib seda head hommiku tunnet Sulle pakkuda.","robots":{"index":"index","follow":"follow","max-snippet":"max-snippet:-1","max-image-preview":"max-image-preview:large","max-video-preview":"max-video-preview:-1"},"canonical":"https:\/\/wasahotels.ee\/resort\/spaabrekkie\/","og_locale":"et_EE","og_type":"article","og_title":"SPAA &amp; BREKKIE - Wasa Resort","og_description":"Spaa ja hommikus\u00f6\u00f6k k\u00f5lab kui t\u00f5eline nauding alustamaks uut ilusat p\u00e4eva! Wasa Resort soovib seda head hommiku tunnet Sulle pakkuda.","og_url":"https:\/\/wasahotels.ee\/resort\/spaabrekkie\/","og_site_name":"Wasa Resort","article_publisher":"https:\/\/www.facebook.com\/wasaresort\/","article_modified_time":"2025-10-22T08:32:56+00:00","og_image":[{"width":1320,"height":880,"url":"https:\/\/wasahotels.ee\/resort\/wp-content\/uploads\/sites\/2\/2019\/06\/WasaResort_bassein_TonuTunnel.com_-web.jpeg","type":"image\/jpeg"}],"twitter_card":"summary_large_image","twitter_misc":{"Est. reading time":"3 minutit"},"schema":{"@context":"https:\/\/schema.org","@graph":[{"@type":"WebPage","@id":"https:\/\/wasahotels.ee\/resort\/spaabrekkie\/","url":"https:\/\/wasahotels.ee\/resort\/spaabrekkie\/","name":"SPAA &amp; BREKKIE - Wasa Resort","isPartOf":{"@id":"https:\/\/wasahotels.ee\/resort\/#website"},"datePublished":"2023-09-27T12:53:41+00:00","dateModified":"2025-10-22T08:32:56+00:00","description":"Spaa ja hommikus\u00f6\u00f6k k\u00f5lab kui t\u00f5eline nauding alustamaks uut ilusat p\u00e4eva! Wasa Resort soovib seda head hommiku tunnet Sulle pakkuda.","breadcrumb":{"@id":"https:\/\/wasahotels.ee\/resort\/spaabrekkie\/#breadcrumb"},"inLanguage":"et","potentialAction":[{"@type":"ReadAction","target":["https:\/\/wasahotels.ee\/resort\/spaabrekkie\/"]}]},{"@type":"BreadcrumbList","@id":"https:\/\/wasahotels.ee\/resort\/spaabrekkie\/#breadcrumb","itemListElement":[{"@type":"ListItem","position":1,"name":"Home","item":"https:\/\/wasahotels.ee\/resort\/"},{"@type":"ListItem","position":2,"name":"SPAA &amp; BREKKIE"}]},{"@type":"WebSite","@id":"https:\/\/wasahotels.ee\/resort\/#website","url":"https:\/\/wasahotels.ee\/resort\/","name":"Wasa Resort","description":"Wasa Resort","potentialAction":[{"@type":"SearchAction","target":{"@type":"EntryPoint","urlTemplate":"https:\/\/wasahotels.ee\/resort\/?s={search_term_string}"},"query-input":{"@type":"PropertyValueSpecification","valueRequired":true,"valueName":"search_term_string"}}],"inLanguage":"et"}]}},"acf":[],"_links":{"self":[{"href":"https:\/\/wasahotels.ee\/resort\/wp-json\/wp\/v2\/pages\/16519","targetHints":{"allow":["GET"]}}],"collection":[{"href":"https:\/\/wasahotels.ee\/resort\/wp-json\/wp\/v2\/pages"}],"about":[{"href":"https:\/\/wasahotels.ee\/resort\/wp-json\/wp\/v2\/types\/page"}],"author":[{"embeddable":true,"href":"https:\/\/wasahotels.ee\/resort\/wp-json\/wp\/v2\/users\/11"}],"replies":[{"embeddable":true,"href":"https:\/\/wasahotels.ee\/resort\/wp-json\/wp\/v2\/comments?post=16519"}],"version-history":[{"count":37,"href":"https:\/\/wasahotels.ee\/resort\/wp-json\/wp\/v2\/pages\/16519\/revisions"}],"predecessor-version":[{"id":26139,"href":"https:\/\/wasahotels.ee\/resort\/wp-json\/wp\/v2\/pages\/16519\/revisions\/26139"}],"wp:attachment":[{"href":"https:\/\/wasahotels.ee\/resort\/wp-json\/wp\/v2\/media?parent=16519"}],"curies":[{"name":"wp","href":"https:\/\/api.w.org\/{rel}","templated":true}]}}