{"id":15590,"date":"2023-05-15T07:57:27","date_gmt":"2023-05-15T07:57:27","guid":{"rendered":"https:\/\/wasahotels.ee\/resort\/?page_id=15590"},"modified":"2023-05-15T10:47:19","modified_gmt":"2023-05-15T10:47:19","slug":"suvisedrannakud","status":"publish","type":"page","link":"https:\/\/wasahotels.ee\/resort\/suvisedrannakud\/","title":{"rendered":"Suvised r\u00e4nnakud"},"content":{"rendered":"","protected":false},"excerpt":{"rendered":"","protected":false},"author":11,"featured_media":0,"parent":0,"menu_order":0,"comment_status":"closed","ping_status":"closed","template":"","meta":{"_acf_changed":false,"inline_featured_image":false,"footnotes":""},"class_list":["post-15590","page","type-page","status-publish","hentry"],"yoast_head":"<!-- This site is optimized with the Yoast SEO plugin v27.4 - https:\/\/yoast.com\/product\/yoast-seo-wordpress\/ -->\n<title>A&#039;la carte men\u00fc\u00fc I Wasa Resort spaahotell<\/title>\n<meta name=\"description\" content=\"White Guide 2020 soovitusega uus restoran P\u00e4rnus peibutab moodsa k\u00f6\u00f6giga. Lihtsamate roogade s\u00f5prade jaoks on a&#039;la carte men\u00fc\u00fc k\u00f5rval ka t\u00e4navatoidumen\u00fc\u00fc.\" \/>\n<meta name=\"robots\" content=\"index, follow, max-snippet:-1, max-image-preview:large, max-video-preview:-1\" \/>\n<link rel=\"canonical\" href=\"https:\/\/wasahotels.ee\/resort\/suvisedrannakud\/\" \/>\n<meta property=\"og:locale\" content=\"et_EE\" \/>\n<meta property=\"og:type\" content=\"article\" \/>\n<meta property=\"og:title\" content=\"A&#039;la carte men\u00fc\u00fc I Wasa Resort spaahotell\" \/>\n<meta property=\"og:description\" content=\"White Guide 2020 soovitusega uus restoran P\u00e4rnus peibutab moodsa k\u00f6\u00f6giga. Lihtsamate roogade s\u00f5prade jaoks on a&#039;la carte men\u00fc\u00fc k\u00f5rval ka t\u00e4navatoidumen\u00fc\u00fc.\" \/>\n<meta property=\"og:url\" content=\"https:\/\/wasahotels.ee\/resort\/suvisedrannakud\/\" \/>\n<meta property=\"og:site_name\" content=\"Wasa Resort\" \/>\n<meta property=\"article:publisher\" content=\"https:\/\/www.facebook.com\/wasaresort\/\" \/>\n<meta property=\"article:modified_time\" content=\"2023-05-15T10:47:19+00:00\" \/>\n<meta property=\"og:image\" content=\"https:\/\/wasahotels.ee\/resort\/wp-content\/uploads\/sites\/2\/2019\/06\/WasaResort_bassein_TonuTunnel.com_-web.jpeg\" \/>\n\t<meta property=\"og:image:width\" content=\"1320\" \/>\n\t<meta property=\"og:image:height\" content=\"880\" \/>\n\t<meta property=\"og:image:type\" content=\"image\/jpeg\" \/>\n<meta name=\"twitter:card\" content=\"summary_large_image\" \/>\n<script type=\"application\/ld+json\" class=\"yoast-schema-graph\">{\"@context\":\"https:\\\/\\\/schema.org\",\"@graph\":[{\"@type\":\"WebPage\",\"@id\":\"https:\\\/\\\/wasahotels.ee\\\/resort\\\/suvisedrannakud\\\/\",\"url\":\"https:\\\/\\\/wasahotels.ee\\\/resort\\\/suvisedrannakud\\\/\",\"name\":\"A'la carte men\u00fc\u00fc I Wasa Resort spaahotell\",\"isPartOf\":{\"@id\":\"https:\\\/\\\/wasahotels.ee\\\/resort\\\/#website\"},\"datePublished\":\"2023-05-15T07:57:27+00:00\",\"dateModified\":\"2023-05-15T10:47:19+00:00\",\"description\":\"White Guide 2020 soovitusega uus restoran P\u00e4rnus peibutab moodsa k\u00f6\u00f6giga. Lihtsamate roogade s\u00f5prade jaoks on a'la carte men\u00fc\u00fc k\u00f5rval ka t\u00e4navatoidumen\u00fc\u00fc.\",\"breadcrumb\":{\"@id\":\"https:\\\/\\\/wasahotels.ee\\\/resort\\\/suvisedrannakud\\\/#breadcrumb\"},\"inLanguage\":\"et\",\"potentialAction\":[{\"@type\":\"ReadAction\",\"target\":[\"https:\\\/\\\/wasahotels.ee\\\/resort\\\/suvisedrannakud\\\/\"]}]},{\"@type\":\"BreadcrumbList\",\"@id\":\"https:\\\/\\\/wasahotels.ee\\\/resort\\\/suvisedrannakud\\\/#breadcrumb\",\"itemListElement\":[{\"@type\":\"ListItem\",\"position\":1,\"name\":\"Home\",\"item\":\"https:\\\/\\\/wasahotels.ee\\\/resort\\\/\"},{\"@type\":\"ListItem\",\"position\":2,\"name\":\"Suvised r\u00e4nnakud\"}]},{\"@type\":\"WebSite\",\"@id\":\"https:\\\/\\\/wasahotels.ee\\\/resort\\\/#website\",\"url\":\"https:\\\/\\\/wasahotels.ee\\\/resort\\\/\",\"name\":\"Wasa Resort\",\"description\":\"Wasa Resort\",\"potentialAction\":[{\"@type\":\"SearchAction\",\"target\":{\"@type\":\"EntryPoint\",\"urlTemplate\":\"https:\\\/\\\/wasahotels.ee\\\/resort\\\/?s={search_term_string}\"},\"query-input\":{\"@type\":\"PropertyValueSpecification\",\"valueRequired\":true,\"valueName\":\"search_term_string\"}}],\"inLanguage\":\"et\"}]}<\/script>\n<!-- \/ Yoast SEO plugin. -->","yoast_head_json":{"title":"A'la carte men\u00fc\u00fc I Wasa Resort spaahotell","description":"White Guide 2020 soovitusega uus restoran P\u00e4rnus peibutab moodsa k\u00f6\u00f6giga. Lihtsamate roogade s\u00f5prade jaoks on a'la carte men\u00fc\u00fc k\u00f5rval ka t\u00e4navatoidumen\u00fc\u00fc.","robots":{"index":"index","follow":"follow","max-snippet":"max-snippet:-1","max-image-preview":"max-image-preview:large","max-video-preview":"max-video-preview:-1"},"canonical":"https:\/\/wasahotels.ee\/resort\/suvisedrannakud\/","og_locale":"et_EE","og_type":"article","og_title":"A'la carte men\u00fc\u00fc I Wasa Resort spaahotell","og_description":"White Guide 2020 soovitusega uus restoran P\u00e4rnus peibutab moodsa k\u00f6\u00f6giga. Lihtsamate roogade s\u00f5prade jaoks on a'la carte men\u00fc\u00fc k\u00f5rval ka t\u00e4navatoidumen\u00fc\u00fc.","og_url":"https:\/\/wasahotels.ee\/resort\/suvisedrannakud\/","og_site_name":"Wasa Resort","article_publisher":"https:\/\/www.facebook.com\/wasaresort\/","article_modified_time":"2023-05-15T10:47:19+00:00","og_image":[{"width":1320,"height":880,"url":"https:\/\/wasahotels.ee\/resort\/wp-content\/uploads\/sites\/2\/2019\/06\/WasaResort_bassein_TonuTunnel.com_-web.jpeg","type":"image\/jpeg"}],"twitter_card":"summary_large_image","schema":{"@context":"https:\/\/schema.org","@graph":[{"@type":"WebPage","@id":"https:\/\/wasahotels.ee\/resort\/suvisedrannakud\/","url":"https:\/\/wasahotels.ee\/resort\/suvisedrannakud\/","name":"A'la carte men\u00fc\u00fc I Wasa Resort spaahotell","isPartOf":{"@id":"https:\/\/wasahotels.ee\/resort\/#website"},"datePublished":"2023-05-15T07:57:27+00:00","dateModified":"2023-05-15T10:47:19+00:00","description":"White Guide 2020 soovitusega uus restoran P\u00e4rnus peibutab moodsa k\u00f6\u00f6giga. Lihtsamate roogade s\u00f5prade jaoks on a'la carte men\u00fc\u00fc k\u00f5rval ka t\u00e4navatoidumen\u00fc\u00fc.","breadcrumb":{"@id":"https:\/\/wasahotels.ee\/resort\/suvisedrannakud\/#breadcrumb"},"inLanguage":"et","potentialAction":[{"@type":"ReadAction","target":["https:\/\/wasahotels.ee\/resort\/suvisedrannakud\/"]}]},{"@type":"BreadcrumbList","@id":"https:\/\/wasahotels.ee\/resort\/suvisedrannakud\/#breadcrumb","itemListElement":[{"@type":"ListItem","position":1,"name":"Home","item":"https:\/\/wasahotels.ee\/resort\/"},{"@type":"ListItem","position":2,"name":"Suvised r\u00e4nnakud"}]},{"@type":"WebSite","@id":"https:\/\/wasahotels.ee\/resort\/#website","url":"https:\/\/wasahotels.ee\/resort\/","name":"Wasa Resort","description":"Wasa Resort","potentialAction":[{"@type":"SearchAction","target":{"@type":"EntryPoint","urlTemplate":"https:\/\/wasahotels.ee\/resort\/?s={search_term_string}"},"query-input":{"@type":"PropertyValueSpecification","valueRequired":true,"valueName":"search_term_string"}}],"inLanguage":"et"}]}},"acf":[],"_links":{"self":[{"href":"https:\/\/wasahotels.ee\/resort\/wp-json\/wp\/v2\/pages\/15590","targetHints":{"allow":["GET"]}}],"collection":[{"href":"https:\/\/wasahotels.ee\/resort\/wp-json\/wp\/v2\/pages"}],"about":[{"href":"https:\/\/wasahotels.ee\/resort\/wp-json\/wp\/v2\/types\/page"}],"author":[{"embeddable":true,"href":"https:\/\/wasahotels.ee\/resort\/wp-json\/wp\/v2\/users\/11"}],"replies":[{"embeddable":true,"href":"https:\/\/wasahotels.ee\/resort\/wp-json\/wp\/v2\/comments?post=15590"}],"version-history":[{"count":12,"href":"https:\/\/wasahotels.ee\/resort\/wp-json\/wp\/v2\/pages\/15590\/revisions"}],"predecessor-version":[{"id":15615,"href":"https:\/\/wasahotels.ee\/resort\/wp-json\/wp\/v2\/pages\/15590\/revisions\/15615"}],"wp:attachment":[{"href":"https:\/\/wasahotels.ee\/resort\/wp-json\/wp\/v2\/media?parent=15590"}],"curies":[{"name":"wp","href":"https:\/\/api.w.org\/{rel}","templated":true}]}}