{"id":5602,"date":"2020-04-24T11:22:19","date_gmt":"2020-04-24T11:22:19","guid":{"rendered":"https:\/\/wasahotels.ee\/resort\/avaleht-uus\/"},"modified":"2026-03-10T11:25:02","modified_gmt":"2026-03-10T09:25:02","slug":"avaleht-uus","status":"publish","type":"page","link":"https:\/\/wasahotels.ee\/resort\/ru\/","title":{"rendered":"Avaleht-RU"},"content":{"rendered":"","protected":false},"excerpt":{"rendered":"","protected":false},"author":2,"featured_media":0,"parent":0,"menu_order":-10,"comment_status":"closed","ping_status":"closed","template":"","meta":{"_acf_changed":false,"inline_featured_image":false,"footnotes":""},"class_list":["post-5602","page","type-page","status-publish","hentry"],"yoast_head":"<!-- This site is optimized with the Yoast SEO plugin v27.4 - https:\/\/yoast.com\/product\/yoast-seo-wordpress\/ -->\n<title>Wasa Resort I Spaa P\u00e4rnu rannapiirkonnas<\/title>\n<meta name=\"description\" content=\"Uus 4* tasemel P\u00e4rnu spaa hotell, Wasa Resort, rannapiirkonnas on n\u00fc\u00fcd avatud! Majutus hotellitubades v\u00f5i avarates korterites koos suure privaatse \u00f5uealaga.\" \/>\n<meta name=\"robots\" content=\"index, follow, max-snippet:-1, max-image-preview:large, max-video-preview:-1\" \/>\n<link rel=\"canonical\" href=\"https:\/\/wasahotels.ee\/resort\/ru\/\" \/>\n<meta property=\"og:locale\" content=\"ru_RU\" \/>\n<meta property=\"og:type\" content=\"article\" \/>\n<meta property=\"og:title\" content=\"Wasa Resort I Spaa P\u00e4rnu rannapiirkonnas\" \/>\n<meta property=\"og:description\" content=\"Uus 4* tasemel P\u00e4rnu spaa hotell, Wasa Resort, rannapiirkonnas on n\u00fc\u00fcd avatud! Majutus hotellitubades v\u00f5i avarates korterites koos suure privaatse \u00f5uealaga.\" \/>\n<meta property=\"og:url\" content=\"https:\/\/wasahotels.ee\/resort\/ru\/\" \/>\n<meta property=\"og:site_name\" content=\"Wasa Resort\" \/>\n<meta property=\"article:publisher\" content=\"https:\/\/www.facebook.com\/wasaresort\/\" \/>\n<meta property=\"article:modified_time\" content=\"2026-03-10T09:25:02+00:00\" \/>\n<meta property=\"og:image\" content=\"https:\/\/wasahotels.ee\/resort\/wp-content\/uploads\/sites\/2\/2019\/06\/WasaResort_bassein_TonuTunnel.com_-web.jpeg\" \/>\n\t<meta property=\"og:image:width\" content=\"1320\" \/>\n\t<meta property=\"og:image:height\" content=\"880\" \/>\n\t<meta property=\"og:image:type\" content=\"image\/jpeg\" \/>\n<meta name=\"twitter:card\" content=\"summary_large_image\" \/>\n<meta name=\"twitter:label1\" content=\"\u041f\u0440\u0438\u043c\u0435\u0440\u043d\u043e\u0435 \u0432\u0440\u0435\u043c\u044f \u0434\u043b\u044f \u0447\u0442\u0435\u043d\u0438\u044f\" \/>\n\t<meta name=\"twitter:data1\" content=\"3 \u043c\u0438\u043d\u0443\u0442\u044b\" \/>\n<script type=\"application\/ld+json\" class=\"yoast-schema-graph\">{\"@context\":\"https:\\\/\\\/schema.org\",\"@graph\":[{\"@type\":\"WebPage\",\"@id\":\"https:\\\/\\\/wasahotels.ee\\\/resort\\\/ru\\\/\",\"url\":\"https:\\\/\\\/wasahotels.ee\\\/resort\\\/ru\\\/\",\"name\":\"Wasa Resort I Spaa P\u00e4rnu rannapiirkonnas\",\"isPartOf\":{\"@id\":\"https:\\\/\\\/wasahotels.ee\\\/resort\\\/#website\"},\"datePublished\":\"2020-04-24T11:22:19+00:00\",\"dateModified\":\"2026-03-10T09:25:02+00:00\",\"description\":\"Uus 4* tasemel P\u00e4rnu spaa hotell, Wasa Resort, rannapiirkonnas on n\u00fc\u00fcd avatud! Majutus hotellitubades v\u00f5i avarates korterites koos suure privaatse \u00f5uealaga.\",\"breadcrumb\":{\"@id\":\"https:\\\/\\\/wasahotels.ee\\\/resort\\\/ru\\\/#breadcrumb\"},\"inLanguage\":\"ru-RU\",\"potentialAction\":[{\"@type\":\"ReadAction\",\"target\":[\"https:\\\/\\\/wasahotels.ee\\\/resort\\\/ru\\\/\"]}]},{\"@type\":\"BreadcrumbList\",\"@id\":\"https:\\\/\\\/wasahotels.ee\\\/resort\\\/ru\\\/#breadcrumb\",\"itemListElement\":[{\"@type\":\"ListItem\",\"position\":1,\"name\":\"Home\",\"item\":\"https:\\\/\\\/wasahotels.ee\\\/resort\\\/ru\\\/\"},{\"@type\":\"ListItem\",\"position\":2,\"name\":\"Avaleht-RU\"}]},{\"@type\":\"WebSite\",\"@id\":\"https:\\\/\\\/wasahotels.ee\\\/resort\\\/#website\",\"url\":\"https:\\\/\\\/wasahotels.ee\\\/resort\\\/\",\"name\":\"Wasa Resort\",\"description\":\"Wasa Resort\",\"potentialAction\":[{\"@type\":\"SearchAction\",\"target\":{\"@type\":\"EntryPoint\",\"urlTemplate\":\"https:\\\/\\\/wasahotels.ee\\\/resort\\\/?s={search_term_string}\"},\"query-input\":{\"@type\":\"PropertyValueSpecification\",\"valueRequired\":true,\"valueName\":\"search_term_string\"}}],\"inLanguage\":\"ru-RU\"}]}<\/script>\n<!-- \/ Yoast SEO plugin. -->","yoast_head_json":{"title":"Wasa Resort I Spaa P\u00e4rnu rannapiirkonnas","description":"Uus 4* tasemel P\u00e4rnu spaa hotell, Wasa Resort, rannapiirkonnas on n\u00fc\u00fcd avatud! Majutus hotellitubades v\u00f5i avarates korterites koos suure privaatse \u00f5uealaga.","robots":{"index":"index","follow":"follow","max-snippet":"max-snippet:-1","max-image-preview":"max-image-preview:large","max-video-preview":"max-video-preview:-1"},"canonical":"https:\/\/wasahotels.ee\/resort\/ru\/","og_locale":"ru_RU","og_type":"article","og_title":"Wasa Resort I Spaa P\u00e4rnu rannapiirkonnas","og_description":"Uus 4* tasemel P\u00e4rnu spaa hotell, Wasa Resort, rannapiirkonnas on n\u00fc\u00fcd avatud! Majutus hotellitubades v\u00f5i avarates korterites koos suure privaatse \u00f5uealaga.","og_url":"https:\/\/wasahotels.ee\/resort\/ru\/","og_site_name":"Wasa Resort","article_publisher":"https:\/\/www.facebook.com\/wasaresort\/","article_modified_time":"2026-03-10T09:25:02+00:00","og_image":[{"width":1320,"height":880,"url":"https:\/\/wasahotels.ee\/resort\/wp-content\/uploads\/sites\/2\/2019\/06\/WasaResort_bassein_TonuTunnel.com_-web.jpeg","type":"image\/jpeg"}],"twitter_card":"summary_large_image","twitter_misc":{"\u041f\u0440\u0438\u043c\u0435\u0440\u043d\u043e\u0435 \u0432\u0440\u0435\u043c\u044f \u0434\u043b\u044f \u0447\u0442\u0435\u043d\u0438\u044f":"3 \u043c\u0438\u043d\u0443\u0442\u044b"},"schema":{"@context":"https:\/\/schema.org","@graph":[{"@type":"WebPage","@id":"https:\/\/wasahotels.ee\/resort\/ru\/","url":"https:\/\/wasahotels.ee\/resort\/ru\/","name":"Wasa Resort I Spaa P\u00e4rnu rannapiirkonnas","isPartOf":{"@id":"https:\/\/wasahotels.ee\/resort\/#website"},"datePublished":"2020-04-24T11:22:19+00:00","dateModified":"2026-03-10T09:25:02+00:00","description":"Uus 4* tasemel P\u00e4rnu spaa hotell, Wasa Resort, rannapiirkonnas on n\u00fc\u00fcd avatud! Majutus hotellitubades v\u00f5i avarates korterites koos suure privaatse \u00f5uealaga.","breadcrumb":{"@id":"https:\/\/wasahotels.ee\/resort\/ru\/#breadcrumb"},"inLanguage":"ru-RU","potentialAction":[{"@type":"ReadAction","target":["https:\/\/wasahotels.ee\/resort\/ru\/"]}]},{"@type":"BreadcrumbList","@id":"https:\/\/wasahotels.ee\/resort\/ru\/#breadcrumb","itemListElement":[{"@type":"ListItem","position":1,"name":"Home","item":"https:\/\/wasahotels.ee\/resort\/ru\/"},{"@type":"ListItem","position":2,"name":"Avaleht-RU"}]},{"@type":"WebSite","@id":"https:\/\/wasahotels.ee\/resort\/#website","url":"https:\/\/wasahotels.ee\/resort\/","name":"Wasa Resort","description":"Wasa Resort","potentialAction":[{"@type":"SearchAction","target":{"@type":"EntryPoint","urlTemplate":"https:\/\/wasahotels.ee\/resort\/?s={search_term_string}"},"query-input":{"@type":"PropertyValueSpecification","valueRequired":true,"valueName":"search_term_string"}}],"inLanguage":"ru-RU"}]}},"acf":[],"_links":{"self":[{"href":"https:\/\/wasahotels.ee\/resort\/ru\/wp-json\/wp\/v2\/pages\/5602","targetHints":{"allow":["GET"]}}],"collection":[{"href":"https:\/\/wasahotels.ee\/resort\/ru\/wp-json\/wp\/v2\/pages"}],"about":[{"href":"https:\/\/wasahotels.ee\/resort\/ru\/wp-json\/wp\/v2\/types\/page"}],"author":[{"embeddable":true,"href":"https:\/\/wasahotels.ee\/resort\/ru\/wp-json\/wp\/v2\/users\/2"}],"replies":[{"embeddable":true,"href":"https:\/\/wasahotels.ee\/resort\/ru\/wp-json\/wp\/v2\/comments?post=5602"}],"version-history":[{"count":45,"href":"https:\/\/wasahotels.ee\/resort\/ru\/wp-json\/wp\/v2\/pages\/5602\/revisions"}],"predecessor-version":[{"id":28985,"href":"https:\/\/wasahotels.ee\/resort\/ru\/wp-json\/wp\/v2\/pages\/5602\/revisions\/28985"}],"wp:attachment":[{"href":"https:\/\/wasahotels.ee\/resort\/ru\/wp-json\/wp\/v2\/media?parent=5602"}],"curies":[{"name":"wp","href":"https:\/\/api.w.org\/{rel}","templated":true}]}}