{"id":3891,"date":"2019-11-05T21:20:21","date_gmt":"2019-11-05T21:20:21","guid":{"rendered":"https:\/\/wasahotels.ee\/resort\/?page_id=3891"},"modified":"2019-11-05T21:21:10","modified_gmt":"2019-11-05T21:21:10","slug":"anne-semonin","status":"publish","type":"page","link":"https:\/\/wasahotels.ee\/resort\/lv\/anne-semonin\/","title":{"rendered":"ANNE SEMONIN"},"content":{"rendered":"","protected":false},"excerpt":{"rendered":"","protected":false},"author":12,"featured_media":0,"parent":0,"menu_order":0,"comment_status":"closed","ping_status":"closed","template":"","meta":{"_acf_changed":false,"inline_featured_image":false,"footnotes":""},"class_list":["post-3891","page","type-page","status-publish","hentry"],"yoast_head":"<!-- This site is optimized with the Yoast SEO plugin v27.2 - https:\/\/yoast.com\/product\/yoast-seo-wordpress\/ -->\n<title>Fran\u010du \u0101das kop\u0161anas s\u0113rija Anne Semonin - Wasa Resort<\/title>\n<meta name=\"description\" content=\"Fran\u010du \u0101das kop\u0161anas s\u0113rija Anne Semonin\" \/>\n<meta name=\"robots\" content=\"index, follow, max-snippet:-1, max-image-preview:large, max-video-preview:-1\" \/>\n<link rel=\"canonical\" href=\"https:\/\/wasahotels.ee\/resort\/lv\/anne-semonin\/\" \/>\n<meta property=\"og:locale\" content=\"lv_LV\" \/>\n<meta property=\"og:type\" content=\"article\" \/>\n<meta property=\"og:title\" content=\"Fran\u010du \u0101das kop\u0161anas s\u0113rija Anne Semonin - Wasa Resort\" \/>\n<meta property=\"og:description\" content=\"Fran\u010du \u0101das kop\u0161anas s\u0113rija Anne Semonin\" \/>\n<meta property=\"og:url\" content=\"https:\/\/wasahotels.ee\/resort\/lv\/anne-semonin\/\" \/>\n<meta property=\"og:site_name\" content=\"Wasa Resort\" \/>\n<meta property=\"article:publisher\" content=\"https:\/\/www.facebook.com\/wasaresort\/\" \/>\n<meta property=\"article:modified_time\" content=\"2019-11-05T21:21:10+00:00\" \/>\n<meta property=\"og:image\" content=\"https:\/\/wasahotels.ee\/resort\/wp-content\/uploads\/sites\/2\/2019\/06\/WasaResort_bassein_TonuTunnel.com_-web.jpeg\" \/>\n\t<meta property=\"og:image:width\" content=\"1320\" \/>\n\t<meta property=\"og:image:height\" content=\"880\" \/>\n\t<meta property=\"og:image:type\" content=\"image\/jpeg\" \/>\n<meta name=\"twitter:card\" content=\"summary_large_image\" \/>\n<script type=\"application\/ld+json\" class=\"yoast-schema-graph\">{\"@context\":\"https:\/\/schema.org\",\"@graph\":[{\"@type\":\"WebPage\",\"@id\":\"https:\/\/wasahotels.ee\/resort\/lv\/anne-semonin\/\",\"url\":\"https:\/\/wasahotels.ee\/resort\/lv\/anne-semonin\/\",\"name\":\"Fran\u010du \u0101das kop\u0161anas s\u0113rija Anne Semonin - Wasa Resort\",\"isPartOf\":{\"@id\":\"https:\/\/wasahotels.ee\/resort\/#website\"},\"datePublished\":\"2019-11-05T21:20:21+00:00\",\"dateModified\":\"2019-11-05T21:21:10+00:00\",\"description\":\"Fran\u010du \u0101das kop\u0161anas s\u0113rija Anne Semonin\",\"breadcrumb\":{\"@id\":\"https:\/\/wasahotels.ee\/resort\/lv\/anne-semonin\/#breadcrumb\"},\"inLanguage\":\"lv-LV\",\"potentialAction\":[{\"@type\":\"ReadAction\",\"target\":[\"https:\/\/wasahotels.ee\/resort\/lv\/anne-semonin\/\"]}]},{\"@type\":\"BreadcrumbList\",\"@id\":\"https:\/\/wasahotels.ee\/resort\/lv\/anne-semonin\/#breadcrumb\",\"itemListElement\":[{\"@type\":\"ListItem\",\"position\":1,\"name\":\"Home\",\"item\":\"https:\/\/wasahotels.ee\/resort\/lv\/\"},{\"@type\":\"ListItem\",\"position\":2,\"name\":\"ANNE SEMONIN\"}]},{\"@type\":\"WebSite\",\"@id\":\"https:\/\/wasahotels.ee\/resort\/#website\",\"url\":\"https:\/\/wasahotels.ee\/resort\/\",\"name\":\"Wasa Resort\",\"description\":\"Wasa Resort\",\"potentialAction\":[{\"@type\":\"SearchAction\",\"target\":{\"@type\":\"EntryPoint\",\"urlTemplate\":\"https:\/\/wasahotels.ee\/resort\/?s={search_term_string}\"},\"query-input\":{\"@type\":\"PropertyValueSpecification\",\"valueRequired\":true,\"valueName\":\"search_term_string\"}}],\"inLanguage\":\"lv-LV\"}]}<\/script>\n<!-- \/ Yoast SEO plugin. -->","yoast_head_json":{"title":"Fran\u010du \u0101das kop\u0161anas s\u0113rija Anne Semonin - Wasa Resort","description":"Fran\u010du \u0101das kop\u0161anas s\u0113rija Anne Semonin","robots":{"index":"index","follow":"follow","max-snippet":"max-snippet:-1","max-image-preview":"max-image-preview:large","max-video-preview":"max-video-preview:-1"},"canonical":"https:\/\/wasahotels.ee\/resort\/lv\/anne-semonin\/","og_locale":"lv_LV","og_type":"article","og_title":"Fran\u010du \u0101das kop\u0161anas s\u0113rija Anne Semonin - Wasa Resort","og_description":"Fran\u010du \u0101das kop\u0161anas s\u0113rija Anne Semonin","og_url":"https:\/\/wasahotels.ee\/resort\/lv\/anne-semonin\/","og_site_name":"Wasa Resort","article_publisher":"https:\/\/www.facebook.com\/wasaresort\/","article_modified_time":"2019-11-05T21:21:10+00:00","og_image":[{"width":1320,"height":880,"url":"https:\/\/wasahotels.ee\/resort\/wp-content\/uploads\/sites\/2\/2019\/06\/WasaResort_bassein_TonuTunnel.com_-web.jpeg","type":"image\/jpeg"}],"twitter_card":"summary_large_image","schema":{"@context":"https:\/\/schema.org","@graph":[{"@type":"WebPage","@id":"https:\/\/wasahotels.ee\/resort\/lv\/anne-semonin\/","url":"https:\/\/wasahotels.ee\/resort\/lv\/anne-semonin\/","name":"Fran\u010du \u0101das kop\u0161anas s\u0113rija Anne Semonin - Wasa Resort","isPartOf":{"@id":"https:\/\/wasahotels.ee\/resort\/#website"},"datePublished":"2019-11-05T21:20:21+00:00","dateModified":"2019-11-05T21:21:10+00:00","description":"Fran\u010du \u0101das kop\u0161anas s\u0113rija Anne Semonin","breadcrumb":{"@id":"https:\/\/wasahotels.ee\/resort\/lv\/anne-semonin\/#breadcrumb"},"inLanguage":"lv-LV","potentialAction":[{"@type":"ReadAction","target":["https:\/\/wasahotels.ee\/resort\/lv\/anne-semonin\/"]}]},{"@type":"BreadcrumbList","@id":"https:\/\/wasahotels.ee\/resort\/lv\/anne-semonin\/#breadcrumb","itemListElement":[{"@type":"ListItem","position":1,"name":"Home","item":"https:\/\/wasahotels.ee\/resort\/lv\/"},{"@type":"ListItem","position":2,"name":"ANNE SEMONIN"}]},{"@type":"WebSite","@id":"https:\/\/wasahotels.ee\/resort\/#website","url":"https:\/\/wasahotels.ee\/resort\/","name":"Wasa Resort","description":"Wasa Resort","potentialAction":[{"@type":"SearchAction","target":{"@type":"EntryPoint","urlTemplate":"https:\/\/wasahotels.ee\/resort\/?s={search_term_string}"},"query-input":{"@type":"PropertyValueSpecification","valueRequired":true,"valueName":"search_term_string"}}],"inLanguage":"lv-LV"}]}},"acf":[],"_links":{"self":[{"href":"https:\/\/wasahotels.ee\/resort\/lv\/wp-json\/wp\/v2\/pages\/3891","targetHints":{"allow":["GET"]}}],"collection":[{"href":"https:\/\/wasahotels.ee\/resort\/lv\/wp-json\/wp\/v2\/pages"}],"about":[{"href":"https:\/\/wasahotels.ee\/resort\/lv\/wp-json\/wp\/v2\/types\/page"}],"author":[{"embeddable":true,"href":"https:\/\/wasahotels.ee\/resort\/lv\/wp-json\/wp\/v2\/users\/12"}],"replies":[{"embeddable":true,"href":"https:\/\/wasahotels.ee\/resort\/lv\/wp-json\/wp\/v2\/comments?post=3891"}],"version-history":[{"count":3,"href":"https:\/\/wasahotels.ee\/resort\/lv\/wp-json\/wp\/v2\/pages\/3891\/revisions"}],"predecessor-version":[{"id":3894,"href":"https:\/\/wasahotels.ee\/resort\/lv\/wp-json\/wp\/v2\/pages\/3891\/revisions\/3894"}],"wp:attachment":[{"href":"https:\/\/wasahotels.ee\/resort\/lv\/wp-json\/wp\/v2\/media?parent=3891"}],"curies":[{"name":"wp","href":"https:\/\/api.w.org\/{rel}","templated":true}]}}