{"id":3850,"date":"2019-11-14T09:12:20","date_gmt":"2019-11-14T09:12:20","guid":{"rendered":"https:\/\/wasahotels.ee\/resort\/?page_id=3850"},"modified":"2019-11-15T11:20:11","modified_gmt":"2019-11-15T11:20:11","slug":"vienas-dienas-seminari","status":"publish","type":"page","link":"https:\/\/wasahotels.ee\/resort\/lv\/vienas-dienas-seminari\/","title":{"rendered":"Vienas dienas semin\u0101ra pied\u0101v\u0101jums"},"content":{"rendered":"","protected":false},"excerpt":{"rendered":"","protected":false},"author":12,"featured_media":0,"parent":0,"menu_order":0,"comment_status":"closed","ping_status":"closed","template":"","meta":{"_acf_changed":false,"inline_featured_image":false,"footnotes":""},"class_list":["post-3850","page","type-page","status-publish","hentry"],"yoast_head":"<!-- This site is optimized with the Yoast SEO plugin v27.4 - https:\/\/yoast.com\/product\/yoast-seo-wordpress\/ -->\n<title>Vienas dienas semin\u0101ri P\u0113rnav\u0101 39 \u20ac I Wasa Resort<\/title>\n<meta name=\"description\" content=\"Semin\u0101ri un san\u0101ksmes viesn\u012bc\u0101 Wasa Resort ir rezultat\u012bvi, iedvesmojo\u0161i un aizraujo\u0161i. Eleganta vide, lielisks restor\u0101ns, bet p\u0113c darba relaks\u0113\u0161an\u0101s m\u016bsu spa.\" \/>\n<meta name=\"robots\" content=\"index, follow, max-snippet:-1, max-image-preview:large, max-video-preview:-1\" \/>\n<link rel=\"canonical\" href=\"https:\/\/wasahotels.ee\/resort\/lv\/vienas-dienas-seminari\/\" \/>\n<meta property=\"og:locale\" content=\"lv_LV\" \/>\n<meta property=\"og:type\" content=\"article\" \/>\n<meta property=\"og:title\" content=\"Vienas dienas semin\u0101ri P\u0113rnav\u0101 39 \u20ac I Wasa Resort\" \/>\n<meta property=\"og:description\" content=\"Semin\u0101ri un san\u0101ksmes viesn\u012bc\u0101 Wasa Resort ir rezultat\u012bvi, iedvesmojo\u0161i un aizraujo\u0161i. Eleganta vide, lielisks restor\u0101ns, bet p\u0113c darba relaks\u0113\u0161an\u0101s m\u016bsu spa.\" \/>\n<meta property=\"og:url\" content=\"https:\/\/wasahotels.ee\/resort\/lv\/vienas-dienas-seminari\/\" \/>\n<meta property=\"og:site_name\" content=\"Wasa Resort\" \/>\n<meta property=\"article:publisher\" content=\"https:\/\/www.facebook.com\/wasaresort\/\" \/>\n<meta property=\"article:modified_time\" content=\"2019-11-15T11:20:11+00:00\" \/>\n<meta property=\"og:image\" content=\"https:\/\/wasahotels.ee\/resort\/wp-content\/uploads\/sites\/2\/2019\/06\/WasaResort_bassein_TonuTunnel.com_-web.jpeg\" \/>\n\t<meta property=\"og:image:width\" content=\"1320\" \/>\n\t<meta property=\"og:image:height\" content=\"880\" \/>\n\t<meta property=\"og:image:type\" content=\"image\/jpeg\" \/>\n<meta name=\"twitter:card\" content=\"summary_large_image\" \/>\n<script type=\"application\/ld+json\" class=\"yoast-schema-graph\">{\"@context\":\"https:\\\/\\\/schema.org\",\"@graph\":[{\"@type\":\"WebPage\",\"@id\":\"https:\\\/\\\/wasahotels.ee\\\/resort\\\/lv\\\/vienas-dienas-seminari\\\/\",\"url\":\"https:\\\/\\\/wasahotels.ee\\\/resort\\\/lv\\\/vienas-dienas-seminari\\\/\",\"name\":\"Vienas dienas semin\u0101ri P\u0113rnav\u0101 39 \u20ac I Wasa Resort\",\"isPartOf\":{\"@id\":\"https:\\\/\\\/wasahotels.ee\\\/resort\\\/#website\"},\"datePublished\":\"2019-11-14T09:12:20+00:00\",\"dateModified\":\"2019-11-15T11:20:11+00:00\",\"description\":\"Semin\u0101ri un san\u0101ksmes viesn\u012bc\u0101 Wasa Resort ir rezultat\u012bvi, iedvesmojo\u0161i un aizraujo\u0161i. Eleganta vide, lielisks restor\u0101ns, bet p\u0113c darba relaks\u0113\u0161an\u0101s m\u016bsu spa.\",\"breadcrumb\":{\"@id\":\"https:\\\/\\\/wasahotels.ee\\\/resort\\\/lv\\\/vienas-dienas-seminari\\\/#breadcrumb\"},\"inLanguage\":\"lv-LV\",\"potentialAction\":[{\"@type\":\"ReadAction\",\"target\":[\"https:\\\/\\\/wasahotels.ee\\\/resort\\\/lv\\\/vienas-dienas-seminari\\\/\"]}]},{\"@type\":\"BreadcrumbList\",\"@id\":\"https:\\\/\\\/wasahotels.ee\\\/resort\\\/lv\\\/vienas-dienas-seminari\\\/#breadcrumb\",\"itemListElement\":[{\"@type\":\"ListItem\",\"position\":1,\"name\":\"Home\",\"item\":\"https:\\\/\\\/wasahotels.ee\\\/resort\\\/lv\\\/\"},{\"@type\":\"ListItem\",\"position\":2,\"name\":\"Vienas dienas semin\u0101ra pied\u0101v\u0101jums\"}]},{\"@type\":\"WebSite\",\"@id\":\"https:\\\/\\\/wasahotels.ee\\\/resort\\\/#website\",\"url\":\"https:\\\/\\\/wasahotels.ee\\\/resort\\\/\",\"name\":\"Wasa Resort\",\"description\":\"Wasa Resort\",\"potentialAction\":[{\"@type\":\"SearchAction\",\"target\":{\"@type\":\"EntryPoint\",\"urlTemplate\":\"https:\\\/\\\/wasahotels.ee\\\/resort\\\/?s={search_term_string}\"},\"query-input\":{\"@type\":\"PropertyValueSpecification\",\"valueRequired\":true,\"valueName\":\"search_term_string\"}}],\"inLanguage\":\"lv-LV\"}]}<\/script>\n<!-- \/ Yoast SEO plugin. -->","yoast_head_json":{"title":"Vienas dienas semin\u0101ri P\u0113rnav\u0101 39 \u20ac I Wasa Resort","description":"Semin\u0101ri un san\u0101ksmes viesn\u012bc\u0101 Wasa Resort ir rezultat\u012bvi, iedvesmojo\u0161i un aizraujo\u0161i. Eleganta vide, lielisks restor\u0101ns, bet p\u0113c darba relaks\u0113\u0161an\u0101s m\u016bsu spa.","robots":{"index":"index","follow":"follow","max-snippet":"max-snippet:-1","max-image-preview":"max-image-preview:large","max-video-preview":"max-video-preview:-1"},"canonical":"https:\/\/wasahotels.ee\/resort\/lv\/vienas-dienas-seminari\/","og_locale":"lv_LV","og_type":"article","og_title":"Vienas dienas semin\u0101ri P\u0113rnav\u0101 39 \u20ac I Wasa Resort","og_description":"Semin\u0101ri un san\u0101ksmes viesn\u012bc\u0101 Wasa Resort ir rezultat\u012bvi, iedvesmojo\u0161i un aizraujo\u0161i. Eleganta vide, lielisks restor\u0101ns, bet p\u0113c darba relaks\u0113\u0161an\u0101s m\u016bsu spa.","og_url":"https:\/\/wasahotels.ee\/resort\/lv\/vienas-dienas-seminari\/","og_site_name":"Wasa Resort","article_publisher":"https:\/\/www.facebook.com\/wasaresort\/","article_modified_time":"2019-11-15T11:20:11+00:00","og_image":[{"width":1320,"height":880,"url":"https:\/\/wasahotels.ee\/resort\/wp-content\/uploads\/sites\/2\/2019\/06\/WasaResort_bassein_TonuTunnel.com_-web.jpeg","type":"image\/jpeg"}],"twitter_card":"summary_large_image","schema":{"@context":"https:\/\/schema.org","@graph":[{"@type":"WebPage","@id":"https:\/\/wasahotels.ee\/resort\/lv\/vienas-dienas-seminari\/","url":"https:\/\/wasahotels.ee\/resort\/lv\/vienas-dienas-seminari\/","name":"Vienas dienas semin\u0101ri P\u0113rnav\u0101 39 \u20ac I Wasa Resort","isPartOf":{"@id":"https:\/\/wasahotels.ee\/resort\/#website"},"datePublished":"2019-11-14T09:12:20+00:00","dateModified":"2019-11-15T11:20:11+00:00","description":"Semin\u0101ri un san\u0101ksmes viesn\u012bc\u0101 Wasa Resort ir rezultat\u012bvi, iedvesmojo\u0161i un aizraujo\u0161i. Eleganta vide, lielisks restor\u0101ns, bet p\u0113c darba relaks\u0113\u0161an\u0101s m\u016bsu spa.","breadcrumb":{"@id":"https:\/\/wasahotels.ee\/resort\/lv\/vienas-dienas-seminari\/#breadcrumb"},"inLanguage":"lv-LV","potentialAction":[{"@type":"ReadAction","target":["https:\/\/wasahotels.ee\/resort\/lv\/vienas-dienas-seminari\/"]}]},{"@type":"BreadcrumbList","@id":"https:\/\/wasahotels.ee\/resort\/lv\/vienas-dienas-seminari\/#breadcrumb","itemListElement":[{"@type":"ListItem","position":1,"name":"Home","item":"https:\/\/wasahotels.ee\/resort\/lv\/"},{"@type":"ListItem","position":2,"name":"Vienas dienas semin\u0101ra pied\u0101v\u0101jums"}]},{"@type":"WebSite","@id":"https:\/\/wasahotels.ee\/resort\/#website","url":"https:\/\/wasahotels.ee\/resort\/","name":"Wasa Resort","description":"Wasa Resort","potentialAction":[{"@type":"SearchAction","target":{"@type":"EntryPoint","urlTemplate":"https:\/\/wasahotels.ee\/resort\/?s={search_term_string}"},"query-input":{"@type":"PropertyValueSpecification","valueRequired":true,"valueName":"search_term_string"}}],"inLanguage":"lv-LV"}]}},"acf":[],"_links":{"self":[{"href":"https:\/\/wasahotels.ee\/resort\/lv\/wp-json\/wp\/v2\/pages\/3850","targetHints":{"allow":["GET"]}}],"collection":[{"href":"https:\/\/wasahotels.ee\/resort\/lv\/wp-json\/wp\/v2\/pages"}],"about":[{"href":"https:\/\/wasahotels.ee\/resort\/lv\/wp-json\/wp\/v2\/types\/page"}],"author":[{"embeddable":true,"href":"https:\/\/wasahotels.ee\/resort\/lv\/wp-json\/wp\/v2\/users\/12"}],"replies":[{"embeddable":true,"href":"https:\/\/wasahotels.ee\/resort\/lv\/wp-json\/wp\/v2\/comments?post=3850"}],"version-history":[{"count":5,"href":"https:\/\/wasahotels.ee\/resort\/lv\/wp-json\/wp\/v2\/pages\/3850\/revisions"}],"predecessor-version":[{"id":4077,"href":"https:\/\/wasahotels.ee\/resort\/lv\/wp-json\/wp\/v2\/pages\/3850\/revisions\/4077"}],"wp:attachment":[{"href":"https:\/\/wasahotels.ee\/resort\/lv\/wp-json\/wp\/v2\/media?parent=3850"}],"curies":[{"name":"wp","href":"https:\/\/api.w.org\/{rel}","templated":true}]}}