{"id":3536,"date":"2019-01-07T10:25:00","date_gmt":"2019-01-07T10:25:00","guid":{"rendered":"https:\/\/wasahotels.ee\/resort\/wasa-resort\/"},"modified":"2019-11-25T11:42:56","modified_gmt":"2019-11-25T11:42:56","slug":"wasa-resort","status":"publish","type":"page","link":"https:\/\/wasahotels.ee\/resort\/lv\/wasa-resort\/","title":{"rendered":"Wasa Resort"},"content":{"rendered":"","protected":false},"excerpt":{"rendered":"","protected":false},"author":2,"featured_media":0,"parent":0,"menu_order":0,"comment_status":"closed","ping_status":"closed","template":"","meta":{"_acf_changed":false,"inline_featured_image":false,"footnotes":""},"class_list":["post-3536","page","type-page","status-publish","hentry"],"yoast_head":"<!-- This site is optimized with the Yoast SEO plugin v27.5 - https:\/\/yoast.com\/product\/yoast-seo-wordpress\/ -->\n<title>Wasa Resort &amp; Apartments \u01c0 Jauna spa viesn\u012bca P\u0113rnavas pludmales teritorij\u0101<\/title>\n<meta name=\"description\" content=\"Jaun\u0101 spa viesn\u012bca Wasa Resort P\u0113rnav\u0101 viesiem papildus viesn\u012bcas numuri\u0146iem pied\u0101v\u0101 nak\u0161\u0146o\u0161anu ar\u012b pla\u0161os dz\u012bvok\u013cos un relaks\u0101ciju m\u0101j\u012bg\u0101 spa un restor\u0101n\u0101.\" \/>\n<meta name=\"robots\" content=\"index, follow, max-snippet:-1, max-image-preview:large, max-video-preview:-1\" \/>\n<link rel=\"canonical\" href=\"https:\/\/wasahotels.ee\/resort\/lv\/wasa-resort\/\" \/>\n<meta property=\"og:locale\" content=\"lv_LV\" \/>\n<meta property=\"og:type\" content=\"article\" \/>\n<meta property=\"og:title\" content=\"Wasa Resort &amp; Apartments \u01c0 Jauna spa viesn\u012bca P\u0113rnavas pludmales teritorij\u0101\" \/>\n<meta property=\"og:description\" content=\"Jaun\u0101 spa viesn\u012bca Wasa Resort P\u0113rnav\u0101 viesiem papildus viesn\u012bcas numuri\u0146iem pied\u0101v\u0101 nak\u0161\u0146o\u0161anu ar\u012b pla\u0161os dz\u012bvok\u013cos un relaks\u0101ciju m\u0101j\u012bg\u0101 spa un restor\u0101n\u0101.\" \/>\n<meta property=\"og:url\" content=\"https:\/\/wasahotels.ee\/resort\/lv\/wasa-resort\/\" \/>\n<meta property=\"og:site_name\" content=\"Wasa Resort\" \/>\n<meta property=\"article:publisher\" content=\"https:\/\/www.facebook.com\/wasaresort\/\" \/>\n<meta property=\"article:modified_time\" content=\"2019-11-25T11:42:56+00:00\" \/>\n<meta property=\"og:image\" content=\"https:\/\/wasahotels.ee\/resort\/wp-content\/uploads\/sites\/2\/2019\/06\/WasaResort_bassein_TonuTunnel.com_-web.jpeg\" \/>\n\t<meta property=\"og:image:width\" content=\"1320\" \/>\n\t<meta property=\"og:image:height\" content=\"880\" \/>\n\t<meta property=\"og:image:type\" content=\"image\/jpeg\" \/>\n<meta name=\"twitter:card\" content=\"summary_large_image\" \/>\n<script type=\"application\/ld+json\" class=\"yoast-schema-graph\">{\"@context\":\"https:\\\/\\\/schema.org\",\"@graph\":[{\"@type\":\"WebPage\",\"@id\":\"https:\\\/\\\/wasahotels.ee\\\/resort\\\/lv\\\/wasa-resort\\\/\",\"url\":\"https:\\\/\\\/wasahotels.ee\\\/resort\\\/lv\\\/wasa-resort\\\/\",\"name\":\"Wasa Resort & Apartments \u01c0 Jauna spa viesn\u012bca P\u0113rnavas pludmales teritorij\u0101\",\"isPartOf\":{\"@id\":\"https:\\\/\\\/wasahotels.ee\\\/resort\\\/#website\"},\"datePublished\":\"2019-01-07T10:25:00+00:00\",\"dateModified\":\"2019-11-25T11:42:56+00:00\",\"description\":\"Jaun\u0101 spa viesn\u012bca Wasa Resort P\u0113rnav\u0101 viesiem papildus viesn\u012bcas numuri\u0146iem pied\u0101v\u0101 nak\u0161\u0146o\u0161anu ar\u012b pla\u0161os dz\u012bvok\u013cos un relaks\u0101ciju m\u0101j\u012bg\u0101 spa un restor\u0101n\u0101.\",\"breadcrumb\":{\"@id\":\"https:\\\/\\\/wasahotels.ee\\\/resort\\\/lv\\\/wasa-resort\\\/#breadcrumb\"},\"inLanguage\":\"lv-LV\",\"potentialAction\":[{\"@type\":\"ReadAction\",\"target\":[\"https:\\\/\\\/wasahotels.ee\\\/resort\\\/lv\\\/wasa-resort\\\/\"]}]},{\"@type\":\"BreadcrumbList\",\"@id\":\"https:\\\/\\\/wasahotels.ee\\\/resort\\\/lv\\\/wasa-resort\\\/#breadcrumb\",\"itemListElement\":[{\"@type\":\"ListItem\",\"position\":1,\"name\":\"Home\",\"item\":\"https:\\\/\\\/wasahotels.ee\\\/resort\\\/lv\\\/\"},{\"@type\":\"ListItem\",\"position\":2,\"name\":\"Wasa Resort\"}]},{\"@type\":\"WebSite\",\"@id\":\"https:\\\/\\\/wasahotels.ee\\\/resort\\\/#website\",\"url\":\"https:\\\/\\\/wasahotels.ee\\\/resort\\\/\",\"name\":\"Wasa Resort\",\"description\":\"Wasa Resort\",\"potentialAction\":[{\"@type\":\"SearchAction\",\"target\":{\"@type\":\"EntryPoint\",\"urlTemplate\":\"https:\\\/\\\/wasahotels.ee\\\/resort\\\/?s={search_term_string}\"},\"query-input\":{\"@type\":\"PropertyValueSpecification\",\"valueRequired\":true,\"valueName\":\"search_term_string\"}}],\"inLanguage\":\"lv-LV\"}]}<\/script>\n<!-- \/ Yoast SEO plugin. -->","yoast_head_json":{"title":"Wasa Resort & Apartments \u01c0 Jauna spa viesn\u012bca P\u0113rnavas pludmales teritorij\u0101","description":"Jaun\u0101 spa viesn\u012bca Wasa Resort P\u0113rnav\u0101 viesiem papildus viesn\u012bcas numuri\u0146iem pied\u0101v\u0101 nak\u0161\u0146o\u0161anu ar\u012b pla\u0161os dz\u012bvok\u013cos un relaks\u0101ciju m\u0101j\u012bg\u0101 spa un restor\u0101n\u0101.","robots":{"index":"index","follow":"follow","max-snippet":"max-snippet:-1","max-image-preview":"max-image-preview:large","max-video-preview":"max-video-preview:-1"},"canonical":"https:\/\/wasahotels.ee\/resort\/lv\/wasa-resort\/","og_locale":"lv_LV","og_type":"article","og_title":"Wasa Resort & Apartments \u01c0 Jauna spa viesn\u012bca P\u0113rnavas pludmales teritorij\u0101","og_description":"Jaun\u0101 spa viesn\u012bca Wasa Resort P\u0113rnav\u0101 viesiem papildus viesn\u012bcas numuri\u0146iem pied\u0101v\u0101 nak\u0161\u0146o\u0161anu ar\u012b pla\u0161os dz\u012bvok\u013cos un relaks\u0101ciju m\u0101j\u012bg\u0101 spa un restor\u0101n\u0101.","og_url":"https:\/\/wasahotels.ee\/resort\/lv\/wasa-resort\/","og_site_name":"Wasa Resort","article_publisher":"https:\/\/www.facebook.com\/wasaresort\/","article_modified_time":"2019-11-25T11:42:56+00:00","og_image":[{"width":1320,"height":880,"url":"https:\/\/wasahotels.ee\/resort\/wp-content\/uploads\/sites\/2\/2019\/06\/WasaResort_bassein_TonuTunnel.com_-web.jpeg","type":"image\/jpeg"}],"twitter_card":"summary_large_image","schema":{"@context":"https:\/\/schema.org","@graph":[{"@type":"WebPage","@id":"https:\/\/wasahotels.ee\/resort\/lv\/wasa-resort\/","url":"https:\/\/wasahotels.ee\/resort\/lv\/wasa-resort\/","name":"Wasa Resort & Apartments \u01c0 Jauna spa viesn\u012bca P\u0113rnavas pludmales teritorij\u0101","isPartOf":{"@id":"https:\/\/wasahotels.ee\/resort\/#website"},"datePublished":"2019-01-07T10:25:00+00:00","dateModified":"2019-11-25T11:42:56+00:00","description":"Jaun\u0101 spa viesn\u012bca Wasa Resort P\u0113rnav\u0101 viesiem papildus viesn\u012bcas numuri\u0146iem pied\u0101v\u0101 nak\u0161\u0146o\u0161anu ar\u012b pla\u0161os dz\u012bvok\u013cos un relaks\u0101ciju m\u0101j\u012bg\u0101 spa un restor\u0101n\u0101.","breadcrumb":{"@id":"https:\/\/wasahotels.ee\/resort\/lv\/wasa-resort\/#breadcrumb"},"inLanguage":"lv-LV","potentialAction":[{"@type":"ReadAction","target":["https:\/\/wasahotels.ee\/resort\/lv\/wasa-resort\/"]}]},{"@type":"BreadcrumbList","@id":"https:\/\/wasahotels.ee\/resort\/lv\/wasa-resort\/#breadcrumb","itemListElement":[{"@type":"ListItem","position":1,"name":"Home","item":"https:\/\/wasahotels.ee\/resort\/lv\/"},{"@type":"ListItem","position":2,"name":"Wasa Resort"}]},{"@type":"WebSite","@id":"https:\/\/wasahotels.ee\/resort\/#website","url":"https:\/\/wasahotels.ee\/resort\/","name":"Wasa Resort","description":"Wasa Resort","potentialAction":[{"@type":"SearchAction","target":{"@type":"EntryPoint","urlTemplate":"https:\/\/wasahotels.ee\/resort\/?s={search_term_string}"},"query-input":{"@type":"PropertyValueSpecification","valueRequired":true,"valueName":"search_term_string"}}],"inLanguage":"lv-LV"}]}},"acf":[],"_links":{"self":[{"href":"https:\/\/wasahotels.ee\/resort\/lv\/wp-json\/wp\/v2\/pages\/3536","targetHints":{"allow":["GET"]}}],"collection":[{"href":"https:\/\/wasahotels.ee\/resort\/lv\/wp-json\/wp\/v2\/pages"}],"about":[{"href":"https:\/\/wasahotels.ee\/resort\/lv\/wp-json\/wp\/v2\/types\/page"}],"author":[{"embeddable":true,"href":"https:\/\/wasahotels.ee\/resort\/lv\/wp-json\/wp\/v2\/users\/2"}],"replies":[{"embeddable":true,"href":"https:\/\/wasahotels.ee\/resort\/lv\/wp-json\/wp\/v2\/comments?post=3536"}],"version-history":[{"count":6,"href":"https:\/\/wasahotels.ee\/resort\/lv\/wp-json\/wp\/v2\/pages\/3536\/revisions"}],"predecessor-version":[{"id":4174,"href":"https:\/\/wasahotels.ee\/resort\/lv\/wp-json\/wp\/v2\/pages\/3536\/revisions\/4174"}],"wp:attachment":[{"href":"https:\/\/wasahotels.ee\/resort\/lv\/wp-json\/wp\/v2\/media?parent=3536"}],"curies":[{"name":"wp","href":"https:\/\/api.w.org\/{rel}","templated":true}]}}