{"id":6441,"date":"2020-07-13T18:21:19","date_gmt":"2020-07-13T18:21:19","guid":{"rendered":"https:\/\/wasahotels.ee\/resort\/?page_id=6441"},"modified":"2026-04-13T13:32:40","modified_gmt":"2026-04-13T11:32:40","slug":"ala-carte-menu","status":"publish","type":"page","link":"https:\/\/wasahotels.ee\/resort\/fi\/ala-carte-menu\/","title":{"rendered":"A&#8217;la carte menu"},"content":{"rendered":"","protected":false},"excerpt":{"rendered":"","protected":false},"author":11,"featured_media":0,"parent":0,"menu_order":0,"comment_status":"closed","ping_status":"closed","template":"","meta":{"_acf_changed":false,"inline_featured_image":false,"footnotes":""},"class_list":["post-6441","page","type-page","status-publish","hentry"],"yoast_head":"<!-- This site is optimized with the Yoast SEO plugin v27.4 - https:\/\/yoast.com\/product\/yoast-seo-wordpress\/ -->\n<title>P\u00e4rnu ravintolat I Wasa Resort I Kylpyl\u00e4hotelli P\u00e4rnun ranta-alueella<\/title>\n<meta name=\"description\" content=\"Salli itsellesi tuhti aamiainen ravintolassa tai sen terassilla, jotta p\u00e4iv\u00e4 saisi arvoisensa alun. P\u00e4rnu ravintolat I UUSI\" \/>\n<meta name=\"robots\" content=\"index, follow, max-snippet:-1, max-image-preview:large, max-video-preview:-1\" \/>\n<link rel=\"canonical\" href=\"https:\/\/wasahotels.ee\/resort\/fi\/ala-carte-menu\/\" \/>\n<meta property=\"og:locale\" content=\"fi_FI\" \/>\n<meta property=\"og:type\" content=\"article\" \/>\n<meta property=\"og:title\" content=\"P\u00e4rnu ravintolat I Wasa Resort I Kylpyl\u00e4hotelli P\u00e4rnun ranta-alueella\" \/>\n<meta property=\"og:description\" content=\"Salli itsellesi tuhti aamiainen ravintolassa tai sen terassilla, jotta p\u00e4iv\u00e4 saisi arvoisensa alun. P\u00e4rnu ravintolat I UUSI\" \/>\n<meta property=\"og:url\" content=\"https:\/\/wasahotels.ee\/resort\/fi\/ala-carte-menu\/\" \/>\n<meta property=\"og:site_name\" content=\"Wasa Resort\" \/>\n<meta property=\"article:publisher\" content=\"https:\/\/www.facebook.com\/wasaresort\/\" \/>\n<meta property=\"article:modified_time\" content=\"2026-04-13T11:32:40+00:00\" \/>\n<meta property=\"og:image\" content=\"https:\/\/wasahotels.ee\/resort\/wp-content\/uploads\/sites\/2\/2019\/06\/WasaResort_bassein_TonuTunnel.com_-web.jpeg\" \/>\n\t<meta property=\"og:image:width\" content=\"1320\" \/>\n\t<meta property=\"og:image:height\" content=\"880\" \/>\n\t<meta property=\"og:image:type\" content=\"image\/jpeg\" \/>\n<meta name=\"twitter:card\" content=\"summary_large_image\" \/>\n<meta name=\"twitter:label1\" content=\"Arvioitu lukuaika\" \/>\n\t<meta name=\"twitter:data1\" content=\"11 minuuttia\" \/>\n<script type=\"application\/ld+json\" class=\"yoast-schema-graph\">{\"@context\":\"https:\\\/\\\/schema.org\",\"@graph\":[{\"@type\":\"WebPage\",\"@id\":\"https:\\\/\\\/wasahotels.ee\\\/resort\\\/fi\\\/ala-carte-menu\\\/\",\"url\":\"https:\\\/\\\/wasahotels.ee\\\/resort\\\/fi\\\/ala-carte-menu\\\/\",\"name\":\"P\u00e4rnu ravintolat I Wasa Resort I Kylpyl\u00e4hotelli P\u00e4rnun ranta-alueella\",\"isPartOf\":{\"@id\":\"https:\\\/\\\/wasahotels.ee\\\/resort\\\/#website\"},\"datePublished\":\"2020-07-13T18:21:19+00:00\",\"dateModified\":\"2026-04-13T11:32:40+00:00\",\"description\":\"Salli itsellesi tuhti aamiainen ravintolassa tai sen terassilla, jotta p\u00e4iv\u00e4 saisi arvoisensa alun. P\u00e4rnu ravintolat I UUSI\",\"breadcrumb\":{\"@id\":\"https:\\\/\\\/wasahotels.ee\\\/resort\\\/fi\\\/ala-carte-menu\\\/#breadcrumb\"},\"inLanguage\":\"fi\",\"potentialAction\":[{\"@type\":\"ReadAction\",\"target\":[\"https:\\\/\\\/wasahotels.ee\\\/resort\\\/fi\\\/ala-carte-menu\\\/\"]}]},{\"@type\":\"BreadcrumbList\",\"@id\":\"https:\\\/\\\/wasahotels.ee\\\/resort\\\/fi\\\/ala-carte-menu\\\/#breadcrumb\",\"itemListElement\":[{\"@type\":\"ListItem\",\"position\":1,\"name\":\"Home\",\"item\":\"https:\\\/\\\/wasahotels.ee\\\/resort\\\/fi\\\/\"},{\"@type\":\"ListItem\",\"position\":2,\"name\":\"A&#8217;la carte menu\"}]},{\"@type\":\"WebSite\",\"@id\":\"https:\\\/\\\/wasahotels.ee\\\/resort\\\/#website\",\"url\":\"https:\\\/\\\/wasahotels.ee\\\/resort\\\/\",\"name\":\"Wasa Resort\",\"description\":\"Wasa Resort\",\"potentialAction\":[{\"@type\":\"SearchAction\",\"target\":{\"@type\":\"EntryPoint\",\"urlTemplate\":\"https:\\\/\\\/wasahotels.ee\\\/resort\\\/?s={search_term_string}\"},\"query-input\":{\"@type\":\"PropertyValueSpecification\",\"valueRequired\":true,\"valueName\":\"search_term_string\"}}],\"inLanguage\":\"fi\"}]}<\/script>\n<!-- \/ Yoast SEO plugin. -->","yoast_head_json":{"title":"P\u00e4rnu ravintolat I Wasa Resort I Kylpyl\u00e4hotelli P\u00e4rnun ranta-alueella","description":"Salli itsellesi tuhti aamiainen ravintolassa tai sen terassilla, jotta p\u00e4iv\u00e4 saisi arvoisensa alun. P\u00e4rnu ravintolat I UUSI","robots":{"index":"index","follow":"follow","max-snippet":"max-snippet:-1","max-image-preview":"max-image-preview:large","max-video-preview":"max-video-preview:-1"},"canonical":"https:\/\/wasahotels.ee\/resort\/fi\/ala-carte-menu\/","og_locale":"fi_FI","og_type":"article","og_title":"P\u00e4rnu ravintolat I Wasa Resort I Kylpyl\u00e4hotelli P\u00e4rnun ranta-alueella","og_description":"Salli itsellesi tuhti aamiainen ravintolassa tai sen terassilla, jotta p\u00e4iv\u00e4 saisi arvoisensa alun. P\u00e4rnu ravintolat I UUSI","og_url":"https:\/\/wasahotels.ee\/resort\/fi\/ala-carte-menu\/","og_site_name":"Wasa Resort","article_publisher":"https:\/\/www.facebook.com\/wasaresort\/","article_modified_time":"2026-04-13T11:32:40+00:00","og_image":[{"width":1320,"height":880,"url":"https:\/\/wasahotels.ee\/resort\/wp-content\/uploads\/sites\/2\/2019\/06\/WasaResort_bassein_TonuTunnel.com_-web.jpeg","type":"image\/jpeg"}],"twitter_card":"summary_large_image","twitter_misc":{"Arvioitu lukuaika":"11 minuuttia"},"schema":{"@context":"https:\/\/schema.org","@graph":[{"@type":"WebPage","@id":"https:\/\/wasahotels.ee\/resort\/fi\/ala-carte-menu\/","url":"https:\/\/wasahotels.ee\/resort\/fi\/ala-carte-menu\/","name":"P\u00e4rnu ravintolat I Wasa Resort I Kylpyl\u00e4hotelli P\u00e4rnun ranta-alueella","isPartOf":{"@id":"https:\/\/wasahotels.ee\/resort\/#website"},"datePublished":"2020-07-13T18:21:19+00:00","dateModified":"2026-04-13T11:32:40+00:00","description":"Salli itsellesi tuhti aamiainen ravintolassa tai sen terassilla, jotta p\u00e4iv\u00e4 saisi arvoisensa alun. P\u00e4rnu ravintolat I UUSI","breadcrumb":{"@id":"https:\/\/wasahotels.ee\/resort\/fi\/ala-carte-menu\/#breadcrumb"},"inLanguage":"fi","potentialAction":[{"@type":"ReadAction","target":["https:\/\/wasahotels.ee\/resort\/fi\/ala-carte-menu\/"]}]},{"@type":"BreadcrumbList","@id":"https:\/\/wasahotels.ee\/resort\/fi\/ala-carte-menu\/#breadcrumb","itemListElement":[{"@type":"ListItem","position":1,"name":"Home","item":"https:\/\/wasahotels.ee\/resort\/fi\/"},{"@type":"ListItem","position":2,"name":"A&#8217;la carte menu"}]},{"@type":"WebSite","@id":"https:\/\/wasahotels.ee\/resort\/#website","url":"https:\/\/wasahotels.ee\/resort\/","name":"Wasa Resort","description":"Wasa Resort","potentialAction":[{"@type":"SearchAction","target":{"@type":"EntryPoint","urlTemplate":"https:\/\/wasahotels.ee\/resort\/?s={search_term_string}"},"query-input":{"@type":"PropertyValueSpecification","valueRequired":true,"valueName":"search_term_string"}}],"inLanguage":"fi"}]}},"acf":[],"_links":{"self":[{"href":"https:\/\/wasahotels.ee\/resort\/fi\/wp-json\/wp\/v2\/pages\/6441","targetHints":{"allow":["GET"]}}],"collection":[{"href":"https:\/\/wasahotels.ee\/resort\/fi\/wp-json\/wp\/v2\/pages"}],"about":[{"href":"https:\/\/wasahotels.ee\/resort\/fi\/wp-json\/wp\/v2\/types\/page"}],"author":[{"embeddable":true,"href":"https:\/\/wasahotels.ee\/resort\/fi\/wp-json\/wp\/v2\/users\/11"}],"replies":[{"embeddable":true,"href":"https:\/\/wasahotels.ee\/resort\/fi\/wp-json\/wp\/v2\/comments?post=6441"}],"version-history":[{"count":38,"href":"https:\/\/wasahotels.ee\/resort\/fi\/wp-json\/wp\/v2\/pages\/6441\/revisions"}],"predecessor-version":[{"id":29409,"href":"https:\/\/wasahotels.ee\/resort\/fi\/wp-json\/wp\/v2\/pages\/6441\/revisions\/29409"}],"wp:attachment":[{"href":"https:\/\/wasahotels.ee\/resort\/fi\/wp-json\/wp\/v2\/media?parent=6441"}],"curies":[{"name":"wp","href":"https:\/\/api.w.org\/{rel}","templated":true}]}}