{"id":578,"date":"2018-12-28T13:43:25","date_gmt":"2018-12-28T13:43:25","guid":{"rendered":"https:\/\/wasahotels.ee\/resort\/privaatsed-apartemendid\/"},"modified":"2026-01-23T14:27:30","modified_gmt":"2026-01-23T14:27:30","slug":"huoneisto-parnu","status":"publish","type":"page","link":"https:\/\/wasahotels.ee\/resort\/fi\/huoneisto-parnu\/","title":{"rendered":"KODIKKAAT HUONEISTOT"},"content":{"rendered":"","protected":false},"excerpt":{"rendered":"","protected":false},"author":1,"featured_media":0,"parent":0,"menu_order":0,"comment_status":"closed","ping_status":"closed","template":"","meta":{"_acf_changed":false,"inline_featured_image":false,"footnotes":""},"class_list":["post-578","page","type-page","status-publish","hentry"],"yoast_head":"<!-- This site is optimized with the Yoast SEO plugin v27.2 - https:\/\/yoast.com\/product\/yoast-seo-wordpress\/ -->\n<title>Huoneisto P\u00e4rnu I Wasa Resort I Yksityiset huoneistot I P\u00e4rnu, Viro<\/title>\n<meta name=\"description\" content=\"Huoneistot P\u00e4rnussa sijaitsevat hotellin vieress\u00e4 ja tarjoavat 4* mukavuuksia. Viet\u00e4 aurinkoiset p\u00e4iv\u00e4t tai l\u00e4mpim\u00e4t kes\u00e4illat oman huoneistosi terassilla.\" \/>\n<meta name=\"robots\" content=\"index, follow, max-snippet:-1, max-image-preview:large, max-video-preview:-1\" \/>\n<link rel=\"canonical\" href=\"https:\/\/wasahotels.ee\/resort\/fi\/huoneisto-parnu\/\" \/>\n<meta property=\"og:locale\" content=\"fi_FI\" \/>\n<meta property=\"og:type\" content=\"article\" \/>\n<meta property=\"og:title\" content=\"Huoneisto P\u00e4rnu I Wasa Resort I Yksityiset huoneistot I P\u00e4rnu, Viro\" \/>\n<meta property=\"og:description\" content=\"Huoneistot P\u00e4rnussa sijaitsevat hotellin vieress\u00e4 ja tarjoavat 4* mukavuuksia. Viet\u00e4 aurinkoiset p\u00e4iv\u00e4t tai l\u00e4mpim\u00e4t kes\u00e4illat oman huoneistosi terassilla.\" \/>\n<meta property=\"og:url\" content=\"https:\/\/wasahotels.ee\/resort\/fi\/huoneisto-parnu\/\" \/>\n<meta property=\"og:site_name\" content=\"Wasa Resort\" \/>\n<meta property=\"article:publisher\" content=\"https:\/\/www.facebook.com\/wasaresort\/\" \/>\n<meta property=\"article:modified_time\" content=\"2026-01-23T14:27:30+00:00\" \/>\n<meta property=\"og:image\" content=\"https:\/\/wasahotels.ee\/resort\/wp-content\/uploads\/sites\/2\/2019\/06\/WasaResort_bassein_TonuTunnel.com_-web.jpeg\" \/>\n\t<meta property=\"og:image:width\" content=\"1320\" \/>\n\t<meta property=\"og:image:height\" content=\"880\" \/>\n\t<meta property=\"og:image:type\" content=\"image\/jpeg\" \/>\n<meta name=\"twitter:card\" content=\"summary_large_image\" \/>\n<meta name=\"twitter:label1\" content=\"Arvioitu lukuaika\" \/>\n\t<meta name=\"twitter:data1\" content=\"7 minuuttia\" \/>\n<script type=\"application\/ld+json\" class=\"yoast-schema-graph\">{\"@context\":\"https:\/\/schema.org\",\"@graph\":[{\"@type\":\"WebPage\",\"@id\":\"https:\/\/wasahotels.ee\/resort\/fi\/huoneisto-parnu\/\",\"url\":\"https:\/\/wasahotels.ee\/resort\/fi\/huoneisto-parnu\/\",\"name\":\"Huoneisto P\u00e4rnu I Wasa Resort I Yksityiset huoneistot I P\u00e4rnu, Viro\",\"isPartOf\":{\"@id\":\"https:\/\/wasahotels.ee\/resort\/#website\"},\"datePublished\":\"2018-12-28T13:43:25+00:00\",\"dateModified\":\"2026-01-23T14:27:30+00:00\",\"description\":\"Huoneistot P\u00e4rnussa sijaitsevat hotellin vieress\u00e4 ja tarjoavat 4* mukavuuksia. Viet\u00e4 aurinkoiset p\u00e4iv\u00e4t tai l\u00e4mpim\u00e4t kes\u00e4illat oman huoneistosi terassilla.\",\"breadcrumb\":{\"@id\":\"https:\/\/wasahotels.ee\/resort\/fi\/huoneisto-parnu\/#breadcrumb\"},\"inLanguage\":\"fi\",\"potentialAction\":[{\"@type\":\"ReadAction\",\"target\":[\"https:\/\/wasahotels.ee\/resort\/fi\/huoneisto-parnu\/\"]}]},{\"@type\":\"BreadcrumbList\",\"@id\":\"https:\/\/wasahotels.ee\/resort\/fi\/huoneisto-parnu\/#breadcrumb\",\"itemListElement\":[{\"@type\":\"ListItem\",\"position\":1,\"name\":\"Home\",\"item\":\"https:\/\/wasahotels.ee\/resort\/fi\/\"},{\"@type\":\"ListItem\",\"position\":2,\"name\":\"KODIKKAAT HUONEISTOT\"}]},{\"@type\":\"WebSite\",\"@id\":\"https:\/\/wasahotels.ee\/resort\/#website\",\"url\":\"https:\/\/wasahotels.ee\/resort\/\",\"name\":\"Wasa Resort\",\"description\":\"Wasa Resort\",\"potentialAction\":[{\"@type\":\"SearchAction\",\"target\":{\"@type\":\"EntryPoint\",\"urlTemplate\":\"https:\/\/wasahotels.ee\/resort\/?s={search_term_string}\"},\"query-input\":{\"@type\":\"PropertyValueSpecification\",\"valueRequired\":true,\"valueName\":\"search_term_string\"}}],\"inLanguage\":\"fi\"}]}<\/script>\n<!-- \/ Yoast SEO plugin. -->","yoast_head_json":{"title":"Huoneisto P\u00e4rnu I Wasa Resort I Yksityiset huoneistot I P\u00e4rnu, Viro","description":"Huoneistot P\u00e4rnussa sijaitsevat hotellin vieress\u00e4 ja tarjoavat 4* mukavuuksia. Viet\u00e4 aurinkoiset p\u00e4iv\u00e4t tai l\u00e4mpim\u00e4t kes\u00e4illat oman huoneistosi terassilla.","robots":{"index":"index","follow":"follow","max-snippet":"max-snippet:-1","max-image-preview":"max-image-preview:large","max-video-preview":"max-video-preview:-1"},"canonical":"https:\/\/wasahotels.ee\/resort\/fi\/huoneisto-parnu\/","og_locale":"fi_FI","og_type":"article","og_title":"Huoneisto P\u00e4rnu I Wasa Resort I Yksityiset huoneistot I P\u00e4rnu, Viro","og_description":"Huoneistot P\u00e4rnussa sijaitsevat hotellin vieress\u00e4 ja tarjoavat 4* mukavuuksia. Viet\u00e4 aurinkoiset p\u00e4iv\u00e4t tai l\u00e4mpim\u00e4t kes\u00e4illat oman huoneistosi terassilla.","og_url":"https:\/\/wasahotels.ee\/resort\/fi\/huoneisto-parnu\/","og_site_name":"Wasa Resort","article_publisher":"https:\/\/www.facebook.com\/wasaresort\/","article_modified_time":"2026-01-23T14:27:30+00:00","og_image":[{"width":1320,"height":880,"url":"https:\/\/wasahotels.ee\/resort\/wp-content\/uploads\/sites\/2\/2019\/06\/WasaResort_bassein_TonuTunnel.com_-web.jpeg","type":"image\/jpeg"}],"twitter_card":"summary_large_image","twitter_misc":{"Arvioitu lukuaika":"7 minuuttia"},"schema":{"@context":"https:\/\/schema.org","@graph":[{"@type":"WebPage","@id":"https:\/\/wasahotels.ee\/resort\/fi\/huoneisto-parnu\/","url":"https:\/\/wasahotels.ee\/resort\/fi\/huoneisto-parnu\/","name":"Huoneisto P\u00e4rnu I Wasa Resort I Yksityiset huoneistot I P\u00e4rnu, Viro","isPartOf":{"@id":"https:\/\/wasahotels.ee\/resort\/#website"},"datePublished":"2018-12-28T13:43:25+00:00","dateModified":"2026-01-23T14:27:30+00:00","description":"Huoneistot P\u00e4rnussa sijaitsevat hotellin vieress\u00e4 ja tarjoavat 4* mukavuuksia. Viet\u00e4 aurinkoiset p\u00e4iv\u00e4t tai l\u00e4mpim\u00e4t kes\u00e4illat oman huoneistosi terassilla.","breadcrumb":{"@id":"https:\/\/wasahotels.ee\/resort\/fi\/huoneisto-parnu\/#breadcrumb"},"inLanguage":"fi","potentialAction":[{"@type":"ReadAction","target":["https:\/\/wasahotels.ee\/resort\/fi\/huoneisto-parnu\/"]}]},{"@type":"BreadcrumbList","@id":"https:\/\/wasahotels.ee\/resort\/fi\/huoneisto-parnu\/#breadcrumb","itemListElement":[{"@type":"ListItem","position":1,"name":"Home","item":"https:\/\/wasahotels.ee\/resort\/fi\/"},{"@type":"ListItem","position":2,"name":"KODIKKAAT HUONEISTOT"}]},{"@type":"WebSite","@id":"https:\/\/wasahotels.ee\/resort\/#website","url":"https:\/\/wasahotels.ee\/resort\/","name":"Wasa Resort","description":"Wasa Resort","potentialAction":[{"@type":"SearchAction","target":{"@type":"EntryPoint","urlTemplate":"https:\/\/wasahotels.ee\/resort\/?s={search_term_string}"},"query-input":{"@type":"PropertyValueSpecification","valueRequired":true,"valueName":"search_term_string"}}],"inLanguage":"fi"}]}},"acf":[],"_links":{"self":[{"href":"https:\/\/wasahotels.ee\/resort\/fi\/wp-json\/wp\/v2\/pages\/578","targetHints":{"allow":["GET"]}}],"collection":[{"href":"https:\/\/wasahotels.ee\/resort\/fi\/wp-json\/wp\/v2\/pages"}],"about":[{"href":"https:\/\/wasahotels.ee\/resort\/fi\/wp-json\/wp\/v2\/types\/page"}],"author":[{"embeddable":true,"href":"https:\/\/wasahotels.ee\/resort\/fi\/wp-json\/wp\/v2\/users\/1"}],"replies":[{"embeddable":true,"href":"https:\/\/wasahotels.ee\/resort\/fi\/wp-json\/wp\/v2\/comments?post=578"}],"version-history":[{"count":23,"href":"https:\/\/wasahotels.ee\/resort\/fi\/wp-json\/wp\/v2\/pages\/578\/revisions"}],"predecessor-version":[{"id":27609,"href":"https:\/\/wasahotels.ee\/resort\/fi\/wp-json\/wp\/v2\/pages\/578\/revisions\/27609"}],"wp:attachment":[{"href":"https:\/\/wasahotels.ee\/resort\/fi\/wp-json\/wp\/v2\/media?parent=578"}],"curies":[{"name":"wp","href":"https:\/\/api.w.org\/{rel}","templated":true}]}}