{"id":575,"date":"2018-12-28T13:43:00","date_gmt":"2018-12-28T13:43:00","guid":{"rendered":"https:\/\/wasahotels.ee\/resort\/avaleht\/"},"modified":"2020-03-31T08:56:58","modified_gmt":"2020-03-31T08:56:58","slug":"avaleht","status":"publish","type":"page","link":"https:\/\/wasahotels.ee\/resort\/fi\/avaleht\/","title":{"rendered":"Avaleht"},"content":{"rendered":"","protected":false},"excerpt":{"rendered":"","protected":false},"author":1,"featured_media":0,"parent":0,"menu_order":-10,"comment_status":"closed","ping_status":"closed","template":"","meta":{"_acf_changed":false,"inline_featured_image":false,"footnotes":""},"class_list":["post-575","page","type-page","status-publish","hentry"],"yoast_head":"<!-- This site is optimized with the Yoast SEO plugin v27.4 - https:\/\/yoast.com\/product\/yoast-seo-wordpress\/ -->\n<title>P\u00e4rnu kylpyl\u00e4hotelli I Wasa Resort I Uusi 4* tasoinen kylpyl\u00e4hotelli P\u00e4rnun<\/title>\n<meta name=\"description\" content=\"Uusi 4* tasoinen kylpyl\u00e4hotelli P\u00e4rnun ranta-alueella.Kodikas majoitus ja suljettu puistoalue. Uusi kylpyl\u00e4hotelli P\u00e4rnussa on nyt auki!\" \/>\n<meta name=\"robots\" content=\"index, follow, max-snippet:-1, max-image-preview:large, max-video-preview:-1\" \/>\n<link rel=\"canonical\" href=\"https:\/\/wasahotels.ee\/resort\/fi\/avaleht\/\" \/>\n<meta property=\"og:locale\" content=\"fi_FI\" \/>\n<meta property=\"og:type\" content=\"article\" \/>\n<meta property=\"og:title\" content=\"P\u00e4rnu kylpyl\u00e4hotelli I Wasa Resort I Uusi 4* tasoinen kylpyl\u00e4hotelli P\u00e4rnun\" \/>\n<meta property=\"og:description\" content=\"Uusi 4* tasoinen kylpyl\u00e4hotelli P\u00e4rnun ranta-alueella.Kodikas majoitus ja suljettu puistoalue. Uusi kylpyl\u00e4hotelli P\u00e4rnussa on nyt auki!\" \/>\n<meta property=\"og:url\" content=\"https:\/\/wasahotels.ee\/resort\/fi\/avaleht\/\" \/>\n<meta property=\"og:site_name\" content=\"Wasa Resort\" \/>\n<meta property=\"article:publisher\" content=\"https:\/\/www.facebook.com\/wasaresort\/\" \/>\n<meta property=\"article:modified_time\" content=\"2020-03-31T08:56:58+00:00\" \/>\n<meta property=\"og:image\" content=\"https:\/\/wasahotels.ee\/resort\/wp-content\/uploads\/sites\/2\/2019\/06\/WasaResort_bassein_TonuTunnel.com_-web.jpeg\" \/>\n\t<meta property=\"og:image:width\" content=\"1320\" \/>\n\t<meta property=\"og:image:height\" content=\"880\" \/>\n\t<meta property=\"og:image:type\" content=\"image\/jpeg\" \/>\n<meta name=\"twitter:card\" content=\"summary_large_image\" \/>\n<script type=\"application\/ld+json\" class=\"yoast-schema-graph\">{\"@context\":\"https:\\\/\\\/schema.org\",\"@graph\":[{\"@type\":\"WebPage\",\"@id\":\"https:\\\/\\\/wasahotels.ee\\\/resort\\\/fi\\\/avaleht\\\/\",\"url\":\"https:\\\/\\\/wasahotels.ee\\\/resort\\\/fi\\\/avaleht\\\/\",\"name\":\"P\u00e4rnu kylpyl\u00e4hotelli I Wasa Resort I Uusi 4* tasoinen kylpyl\u00e4hotelli P\u00e4rnun\",\"isPartOf\":{\"@id\":\"https:\\\/\\\/wasahotels.ee\\\/resort\\\/#website\"},\"datePublished\":\"2018-12-28T13:43:00+00:00\",\"dateModified\":\"2020-03-31T08:56:58+00:00\",\"description\":\"Uusi 4* tasoinen kylpyl\u00e4hotelli P\u00e4rnun ranta-alueella.Kodikas majoitus ja suljettu puistoalue. Uusi kylpyl\u00e4hotelli P\u00e4rnussa on nyt auki!\",\"breadcrumb\":{\"@id\":\"https:\\\/\\\/wasahotels.ee\\\/resort\\\/fi\\\/avaleht\\\/#breadcrumb\"},\"inLanguage\":\"fi\",\"potentialAction\":[{\"@type\":\"ReadAction\",\"target\":[\"https:\\\/\\\/wasahotels.ee\\\/resort\\\/fi\\\/avaleht\\\/\"]}]},{\"@type\":\"BreadcrumbList\",\"@id\":\"https:\\\/\\\/wasahotels.ee\\\/resort\\\/fi\\\/avaleht\\\/#breadcrumb\",\"itemListElement\":[{\"@type\":\"ListItem\",\"position\":1,\"name\":\"Home\",\"item\":\"https:\\\/\\\/wasahotels.ee\\\/resort\\\/fi\\\/\"},{\"@type\":\"ListItem\",\"position\":2,\"name\":\"Avaleht\"}]},{\"@type\":\"WebSite\",\"@id\":\"https:\\\/\\\/wasahotels.ee\\\/resort\\\/#website\",\"url\":\"https:\\\/\\\/wasahotels.ee\\\/resort\\\/\",\"name\":\"Wasa Resort\",\"description\":\"Wasa Resort\",\"potentialAction\":[{\"@type\":\"SearchAction\",\"target\":{\"@type\":\"EntryPoint\",\"urlTemplate\":\"https:\\\/\\\/wasahotels.ee\\\/resort\\\/?s={search_term_string}\"},\"query-input\":{\"@type\":\"PropertyValueSpecification\",\"valueRequired\":true,\"valueName\":\"search_term_string\"}}],\"inLanguage\":\"fi\"}]}<\/script>\n<!-- \/ Yoast SEO plugin. -->","yoast_head_json":{"title":"P\u00e4rnu kylpyl\u00e4hotelli I Wasa Resort I Uusi 4* tasoinen kylpyl\u00e4hotelli P\u00e4rnun","description":"Uusi 4* tasoinen kylpyl\u00e4hotelli P\u00e4rnun ranta-alueella.Kodikas majoitus ja suljettu puistoalue. Uusi kylpyl\u00e4hotelli P\u00e4rnussa on nyt auki!","robots":{"index":"index","follow":"follow","max-snippet":"max-snippet:-1","max-image-preview":"max-image-preview:large","max-video-preview":"max-video-preview:-1"},"canonical":"https:\/\/wasahotels.ee\/resort\/fi\/avaleht\/","og_locale":"fi_FI","og_type":"article","og_title":"P\u00e4rnu kylpyl\u00e4hotelli I Wasa Resort I Uusi 4* tasoinen kylpyl\u00e4hotelli P\u00e4rnun","og_description":"Uusi 4* tasoinen kylpyl\u00e4hotelli P\u00e4rnun ranta-alueella.Kodikas majoitus ja suljettu puistoalue. Uusi kylpyl\u00e4hotelli P\u00e4rnussa on nyt auki!","og_url":"https:\/\/wasahotels.ee\/resort\/fi\/avaleht\/","og_site_name":"Wasa Resort","article_publisher":"https:\/\/www.facebook.com\/wasaresort\/","article_modified_time":"2020-03-31T08:56:58+00:00","og_image":[{"width":1320,"height":880,"url":"https:\/\/wasahotels.ee\/resort\/wp-content\/uploads\/sites\/2\/2019\/06\/WasaResort_bassein_TonuTunnel.com_-web.jpeg","type":"image\/jpeg"}],"twitter_card":"summary_large_image","schema":{"@context":"https:\/\/schema.org","@graph":[{"@type":"WebPage","@id":"https:\/\/wasahotels.ee\/resort\/fi\/avaleht\/","url":"https:\/\/wasahotels.ee\/resort\/fi\/avaleht\/","name":"P\u00e4rnu kylpyl\u00e4hotelli I Wasa Resort I Uusi 4* tasoinen kylpyl\u00e4hotelli P\u00e4rnun","isPartOf":{"@id":"https:\/\/wasahotels.ee\/resort\/#website"},"datePublished":"2018-12-28T13:43:00+00:00","dateModified":"2020-03-31T08:56:58+00:00","description":"Uusi 4* tasoinen kylpyl\u00e4hotelli P\u00e4rnun ranta-alueella.Kodikas majoitus ja suljettu puistoalue. Uusi kylpyl\u00e4hotelli P\u00e4rnussa on nyt auki!","breadcrumb":{"@id":"https:\/\/wasahotels.ee\/resort\/fi\/avaleht\/#breadcrumb"},"inLanguage":"fi","potentialAction":[{"@type":"ReadAction","target":["https:\/\/wasahotels.ee\/resort\/fi\/avaleht\/"]}]},{"@type":"BreadcrumbList","@id":"https:\/\/wasahotels.ee\/resort\/fi\/avaleht\/#breadcrumb","itemListElement":[{"@type":"ListItem","position":1,"name":"Home","item":"https:\/\/wasahotels.ee\/resort\/fi\/"},{"@type":"ListItem","position":2,"name":"Avaleht"}]},{"@type":"WebSite","@id":"https:\/\/wasahotels.ee\/resort\/#website","url":"https:\/\/wasahotels.ee\/resort\/","name":"Wasa Resort","description":"Wasa Resort","potentialAction":[{"@type":"SearchAction","target":{"@type":"EntryPoint","urlTemplate":"https:\/\/wasahotels.ee\/resort\/?s={search_term_string}"},"query-input":{"@type":"PropertyValueSpecification","valueRequired":true,"valueName":"search_term_string"}}],"inLanguage":"fi"}]}},"acf":[],"_links":{"self":[{"href":"https:\/\/wasahotels.ee\/resort\/fi\/wp-json\/wp\/v2\/pages\/575","targetHints":{"allow":["GET"]}}],"collection":[{"href":"https:\/\/wasahotels.ee\/resort\/fi\/wp-json\/wp\/v2\/pages"}],"about":[{"href":"https:\/\/wasahotels.ee\/resort\/fi\/wp-json\/wp\/v2\/types\/page"}],"author":[{"embeddable":true,"href":"https:\/\/wasahotels.ee\/resort\/fi\/wp-json\/wp\/v2\/users\/1"}],"replies":[{"embeddable":true,"href":"https:\/\/wasahotels.ee\/resort\/fi\/wp-json\/wp\/v2\/comments?post=575"}],"version-history":[{"count":86,"href":"https:\/\/wasahotels.ee\/resort\/fi\/wp-json\/wp\/v2\/pages\/575\/revisions"}],"predecessor-version":[{"id":5267,"href":"https:\/\/wasahotels.ee\/resort\/fi\/wp-json\/wp\/v2\/pages\/575\/revisions\/5267"}],"wp:attachment":[{"href":"https:\/\/wasahotels.ee\/resort\/fi\/wp-json\/wp\/v2\/media?parent=575"}],"curies":[{"name":"wp","href":"https:\/\/api.w.org\/{rel}","templated":true}]}}