{"id":4279,"date":"2019-12-05T19:35:25","date_gmt":"2019-12-05T19:35:25","guid":{"rendered":"https:\/\/wasahotels.ee\/resort\/?page_id=4279"},"modified":"2026-03-25T14:27:02","modified_gmt":"2026-03-25T12:27:02","slug":"allas-ja-saunakeskus","status":"publish","type":"page","link":"https:\/\/wasahotels.ee\/resort\/fi\/allas-ja-saunakeskus\/","title":{"rendered":"Allas- ja saunakeskus"},"content":{"rendered":"","protected":false},"excerpt":{"rendered":"","protected":false},"author":12,"featured_media":0,"parent":0,"menu_order":0,"comment_status":"closed","ping_status":"closed","template":"","meta":{"_acf_changed":false,"inline_featured_image":false,"footnotes":""},"class_list":["post-4279","page","type-page","status-publish","hentry"],"yoast_head":"<!-- This site is optimized with the Yoast SEO plugin v27.2 - https:\/\/yoast.com\/product\/yoast-seo-wordpress\/ -->\n<title>Allas- ja saunakeskus | Wasa Resort | Uusi kylpyl\u00e4hotelli P\u00e4rnussa!<\/title>\n<meta name=\"description\" content=\"Sauna on varmasti l\u00e4mmin niin\u00e4kin p\u00e4ivin\u00e4, kun ulkona sataa kaatamalla tai pakkanen paukkuu. Voit vaihtaa ty\u00f6st\u00e4 vapaalle ja rentoutua rauhassa. Uusi kylpyl\u00e4 P\u00e4rnussa!\" \/>\n<meta name=\"robots\" content=\"index, follow, max-snippet:-1, max-image-preview:large, max-video-preview:-1\" \/>\n<link rel=\"canonical\" href=\"https:\/\/wasahotels.ee\/resort\/fi\/allas-ja-saunakeskus\/\" \/>\n<meta property=\"og:locale\" content=\"fi_FI\" \/>\n<meta property=\"og:type\" content=\"article\" \/>\n<meta property=\"og:title\" content=\"Allas- ja saunakeskus | Wasa Resort | Uusi kylpyl\u00e4hotelli P\u00e4rnussa!\" \/>\n<meta property=\"og:description\" content=\"Sauna on varmasti l\u00e4mmin niin\u00e4kin p\u00e4ivin\u00e4, kun ulkona sataa kaatamalla tai pakkanen paukkuu. Voit vaihtaa ty\u00f6st\u00e4 vapaalle ja rentoutua rauhassa. Uusi kylpyl\u00e4 P\u00e4rnussa!\" \/>\n<meta property=\"og:url\" content=\"https:\/\/wasahotels.ee\/resort\/fi\/allas-ja-saunakeskus\/\" \/>\n<meta property=\"og:site_name\" content=\"Wasa Resort\" \/>\n<meta property=\"article:publisher\" content=\"https:\/\/www.facebook.com\/wasaresort\/\" \/>\n<meta property=\"article:modified_time\" content=\"2026-03-25T12:27:02+00:00\" \/>\n<meta property=\"og:image\" content=\"https:\/\/wasahotels.ee\/resort\/wp-content\/uploads\/sites\/2\/2019\/06\/WasaResort_bassein_TonuTunnel.com_-web.jpeg\" \/>\n\t<meta property=\"og:image:width\" content=\"1320\" \/>\n\t<meta property=\"og:image:height\" content=\"880\" \/>\n\t<meta property=\"og:image:type\" content=\"image\/jpeg\" \/>\n<meta name=\"twitter:card\" content=\"summary_large_image\" \/>\n<meta name=\"twitter:label1\" content=\"Arvioitu lukuaika\" \/>\n\t<meta name=\"twitter:data1\" content=\"4 minuuttia\" \/>\n<script type=\"application\/ld+json\" class=\"yoast-schema-graph\">{\"@context\":\"https:\/\/schema.org\",\"@graph\":[{\"@type\":\"WebPage\",\"@id\":\"https:\/\/wasahotels.ee\/resort\/fi\/allas-ja-saunakeskus\/\",\"url\":\"https:\/\/wasahotels.ee\/resort\/fi\/allas-ja-saunakeskus\/\",\"name\":\"Allas- ja saunakeskus | Wasa Resort | Uusi kylpyl\u00e4hotelli P\u00e4rnussa!\",\"isPartOf\":{\"@id\":\"https:\/\/wasahotels.ee\/resort\/#website\"},\"datePublished\":\"2019-12-05T19:35:25+00:00\",\"dateModified\":\"2026-03-25T12:27:02+00:00\",\"description\":\"Sauna on varmasti l\u00e4mmin niin\u00e4kin p\u00e4ivin\u00e4, kun ulkona sataa kaatamalla tai pakkanen paukkuu. Voit vaihtaa ty\u00f6st\u00e4 vapaalle ja rentoutua rauhassa. Uusi kylpyl\u00e4 P\u00e4rnussa!\",\"breadcrumb\":{\"@id\":\"https:\/\/wasahotels.ee\/resort\/fi\/allas-ja-saunakeskus\/#breadcrumb\"},\"inLanguage\":\"fi\",\"potentialAction\":[{\"@type\":\"ReadAction\",\"target\":[\"https:\/\/wasahotels.ee\/resort\/fi\/allas-ja-saunakeskus\/\"]}]},{\"@type\":\"BreadcrumbList\",\"@id\":\"https:\/\/wasahotels.ee\/resort\/fi\/allas-ja-saunakeskus\/#breadcrumb\",\"itemListElement\":[{\"@type\":\"ListItem\",\"position\":1,\"name\":\"Home\",\"item\":\"https:\/\/wasahotels.ee\/resort\/fi\/\"},{\"@type\":\"ListItem\",\"position\":2,\"name\":\"Allas- ja saunakeskus\"}]},{\"@type\":\"WebSite\",\"@id\":\"https:\/\/wasahotels.ee\/resort\/#website\",\"url\":\"https:\/\/wasahotels.ee\/resort\/\",\"name\":\"Wasa Resort\",\"description\":\"Wasa Resort\",\"potentialAction\":[{\"@type\":\"SearchAction\",\"target\":{\"@type\":\"EntryPoint\",\"urlTemplate\":\"https:\/\/wasahotels.ee\/resort\/?s={search_term_string}\"},\"query-input\":{\"@type\":\"PropertyValueSpecification\",\"valueRequired\":true,\"valueName\":\"search_term_string\"}}],\"inLanguage\":\"fi\"}]}<\/script>\n<!-- \/ Yoast SEO plugin. -->","yoast_head_json":{"title":"Allas- ja saunakeskus | Wasa Resort | Uusi kylpyl\u00e4hotelli P\u00e4rnussa!","description":"Sauna on varmasti l\u00e4mmin niin\u00e4kin p\u00e4ivin\u00e4, kun ulkona sataa kaatamalla tai pakkanen paukkuu. Voit vaihtaa ty\u00f6st\u00e4 vapaalle ja rentoutua rauhassa. Uusi kylpyl\u00e4 P\u00e4rnussa!","robots":{"index":"index","follow":"follow","max-snippet":"max-snippet:-1","max-image-preview":"max-image-preview:large","max-video-preview":"max-video-preview:-1"},"canonical":"https:\/\/wasahotels.ee\/resort\/fi\/allas-ja-saunakeskus\/","og_locale":"fi_FI","og_type":"article","og_title":"Allas- ja saunakeskus | Wasa Resort | Uusi kylpyl\u00e4hotelli P\u00e4rnussa!","og_description":"Sauna on varmasti l\u00e4mmin niin\u00e4kin p\u00e4ivin\u00e4, kun ulkona sataa kaatamalla tai pakkanen paukkuu. Voit vaihtaa ty\u00f6st\u00e4 vapaalle ja rentoutua rauhassa. Uusi kylpyl\u00e4 P\u00e4rnussa!","og_url":"https:\/\/wasahotels.ee\/resort\/fi\/allas-ja-saunakeskus\/","og_site_name":"Wasa Resort","article_publisher":"https:\/\/www.facebook.com\/wasaresort\/","article_modified_time":"2026-03-25T12:27:02+00:00","og_image":[{"width":1320,"height":880,"url":"https:\/\/wasahotels.ee\/resort\/wp-content\/uploads\/sites\/2\/2019\/06\/WasaResort_bassein_TonuTunnel.com_-web.jpeg","type":"image\/jpeg"}],"twitter_card":"summary_large_image","twitter_misc":{"Arvioitu lukuaika":"4 minuuttia"},"schema":{"@context":"https:\/\/schema.org","@graph":[{"@type":"WebPage","@id":"https:\/\/wasahotels.ee\/resort\/fi\/allas-ja-saunakeskus\/","url":"https:\/\/wasahotels.ee\/resort\/fi\/allas-ja-saunakeskus\/","name":"Allas- ja saunakeskus | Wasa Resort | Uusi kylpyl\u00e4hotelli P\u00e4rnussa!","isPartOf":{"@id":"https:\/\/wasahotels.ee\/resort\/#website"},"datePublished":"2019-12-05T19:35:25+00:00","dateModified":"2026-03-25T12:27:02+00:00","description":"Sauna on varmasti l\u00e4mmin niin\u00e4kin p\u00e4ivin\u00e4, kun ulkona sataa kaatamalla tai pakkanen paukkuu. Voit vaihtaa ty\u00f6st\u00e4 vapaalle ja rentoutua rauhassa. Uusi kylpyl\u00e4 P\u00e4rnussa!","breadcrumb":{"@id":"https:\/\/wasahotels.ee\/resort\/fi\/allas-ja-saunakeskus\/#breadcrumb"},"inLanguage":"fi","potentialAction":[{"@type":"ReadAction","target":["https:\/\/wasahotels.ee\/resort\/fi\/allas-ja-saunakeskus\/"]}]},{"@type":"BreadcrumbList","@id":"https:\/\/wasahotels.ee\/resort\/fi\/allas-ja-saunakeskus\/#breadcrumb","itemListElement":[{"@type":"ListItem","position":1,"name":"Home","item":"https:\/\/wasahotels.ee\/resort\/fi\/"},{"@type":"ListItem","position":2,"name":"Allas- ja saunakeskus"}]},{"@type":"WebSite","@id":"https:\/\/wasahotels.ee\/resort\/#website","url":"https:\/\/wasahotels.ee\/resort\/","name":"Wasa Resort","description":"Wasa Resort","potentialAction":[{"@type":"SearchAction","target":{"@type":"EntryPoint","urlTemplate":"https:\/\/wasahotels.ee\/resort\/?s={search_term_string}"},"query-input":{"@type":"PropertyValueSpecification","valueRequired":true,"valueName":"search_term_string"}}],"inLanguage":"fi"}]}},"acf":[],"_links":{"self":[{"href":"https:\/\/wasahotels.ee\/resort\/fi\/wp-json\/wp\/v2\/pages\/4279","targetHints":{"allow":["GET"]}}],"collection":[{"href":"https:\/\/wasahotels.ee\/resort\/fi\/wp-json\/wp\/v2\/pages"}],"about":[{"href":"https:\/\/wasahotels.ee\/resort\/fi\/wp-json\/wp\/v2\/types\/page"}],"author":[{"embeddable":true,"href":"https:\/\/wasahotels.ee\/resort\/fi\/wp-json\/wp\/v2\/users\/12"}],"replies":[{"embeddable":true,"href":"https:\/\/wasahotels.ee\/resort\/fi\/wp-json\/wp\/v2\/comments?post=4279"}],"version-history":[{"count":26,"href":"https:\/\/wasahotels.ee\/resort\/fi\/wp-json\/wp\/v2\/pages\/4279\/revisions"}],"predecessor-version":[{"id":29222,"href":"https:\/\/wasahotels.ee\/resort\/fi\/wp-json\/wp\/v2\/pages\/4279\/revisions\/29222"}],"wp:attachment":[{"href":"https:\/\/wasahotels.ee\/resort\/fi\/wp-json\/wp\/v2\/media?parent=4279"}],"curies":[{"name":"wp","href":"https:\/\/api.w.org\/{rel}","templated":true}]}}