{"id":24762,"date":"2023-05-03T07:19:52","date_gmt":"2023-05-03T07:19:52","guid":{"rendered":"https:\/\/wasahotels.ee\/resort\/golfipakett\/"},"modified":"2026-01-23T08:39:09","modified_gmt":"2026-01-23T08:39:09","slug":"golfipakett","status":"publish","type":"page","link":"https:\/\/wasahotels.ee\/resort\/fi\/golfipakett\/","title":{"rendered":"GOLFPAKETTI kahdelle"},"content":{"rendered":"","protected":false},"excerpt":{"rendered":"","protected":false},"author":11,"featured_media":0,"parent":0,"menu_order":0,"comment_status":"closed","ping_status":"closed","template":"","meta":{"_acf_changed":false,"inline_featured_image":false,"footnotes":""},"class_list":["post-24762","page","type-page","status-publish","hentry"],"yoast_head":"<!-- This site is optimized with the Yoast SEO plugin v27.2 - https:\/\/yoast.com\/product\/yoast-seo-wordpress\/ -->\n<title>Golfipakett<\/title>\n<meta name=\"description\" content=\"Golfipakett kahele Wasa Resort spaas\" \/>\n<meta name=\"robots\" content=\"index, follow, max-snippet:-1, max-image-preview:large, max-video-preview:-1\" \/>\n<link rel=\"canonical\" href=\"https:\/\/wasahotels.ee\/resort\/fi\/golfipakett\/\" \/>\n<meta property=\"og:locale\" content=\"fi_FI\" \/>\n<meta property=\"og:type\" content=\"article\" \/>\n<meta property=\"og:title\" content=\"Laboratorio Olfattivo\" \/>\n<meta property=\"og:description\" content=\"LO br\u00e4nd pakub t\u00e4naseks lisaks parf\u00fc\u00fcmidele ka valiku toal\u00f5hnastajaid, nii pihustatavaid kui difuusereid.\" \/>\n<meta property=\"og:url\" content=\"https:\/\/wasahotels.ee\/resort\/fi\/golfipakett\/\" \/>\n<meta property=\"og:site_name\" content=\"Wasa Resort\" \/>\n<meta property=\"article:publisher\" content=\"https:\/\/www.facebook.com\/wasaresort\/\" \/>\n<meta property=\"article:modified_time\" content=\"2026-01-23T08:39:09+00:00\" \/>\n<meta property=\"og:image\" content=\"https:\/\/wasahotels.ee\/resort\/wp-content\/uploads\/sites\/2\/2022\/05\/LO-orange-vaike.jpg\" \/>\n\t<meta property=\"og:image:width\" content=\"1381\" \/>\n\t<meta property=\"og:image:height\" content=\"876\" \/>\n\t<meta property=\"og:image:type\" content=\"image\/jpeg\" \/>\n<meta name=\"twitter:card\" content=\"summary_large_image\" \/>\n<meta name=\"twitter:title\" content=\"Laboratorio Olfattivo\" \/>\n<meta name=\"twitter:description\" content=\"LO br\u00e4nd pakub t\u00e4naseks lisaks parf\u00fc\u00fcmidele ka valiku toal\u00f5hnastajaid, nii pihustatavaid kui difuusereid.\" \/>\n<meta name=\"twitter:image\" content=\"https:\/\/wasahotels.ee\/resort\/wp-content\/uploads\/sites\/2\/2022\/05\/LO-orange-vaike.jpg\" \/>\n<meta name=\"twitter:label1\" content=\"Arvioitu lukuaika\" \/>\n\t<meta name=\"twitter:data1\" content=\"2 minuuttia\" \/>\n<script type=\"application\/ld+json\" class=\"yoast-schema-graph\">{\"@context\":\"https:\/\/schema.org\",\"@graph\":[{\"@type\":\"WebPage\",\"@id\":\"https:\/\/wasahotels.ee\/resort\/fi\/golfipakett\/\",\"url\":\"https:\/\/wasahotels.ee\/resort\/fi\/golfipakett\/\",\"name\":\"Golfipakett\",\"isPartOf\":{\"@id\":\"https:\/\/wasahotels.ee\/resort\/#website\"},\"datePublished\":\"2023-05-03T07:19:52+00:00\",\"dateModified\":\"2026-01-23T08:39:09+00:00\",\"description\":\"Golfipakett kahele Wasa Resort spaas\",\"breadcrumb\":{\"@id\":\"https:\/\/wasahotels.ee\/resort\/fi\/golfipakett\/#breadcrumb\"},\"inLanguage\":\"fi\",\"potentialAction\":[{\"@type\":\"ReadAction\",\"target\":[\"https:\/\/wasahotels.ee\/resort\/fi\/golfipakett\/\"]}]},{\"@type\":\"BreadcrumbList\",\"@id\":\"https:\/\/wasahotels.ee\/resort\/fi\/golfipakett\/#breadcrumb\",\"itemListElement\":[{\"@type\":\"ListItem\",\"position\":1,\"name\":\"Home\",\"item\":\"https:\/\/wasahotels.ee\/resort\/fi\/\"},{\"@type\":\"ListItem\",\"position\":2,\"name\":\"GOLFPAKETTI kahdelle\"}]},{\"@type\":\"WebSite\",\"@id\":\"https:\/\/wasahotels.ee\/resort\/#website\",\"url\":\"https:\/\/wasahotels.ee\/resort\/\",\"name\":\"Wasa Resort\",\"description\":\"Wasa Resort\",\"potentialAction\":[{\"@type\":\"SearchAction\",\"target\":{\"@type\":\"EntryPoint\",\"urlTemplate\":\"https:\/\/wasahotels.ee\/resort\/?s={search_term_string}\"},\"query-input\":{\"@type\":\"PropertyValueSpecification\",\"valueRequired\":true,\"valueName\":\"search_term_string\"}}],\"inLanguage\":\"fi\"}]}<\/script>\n<!-- \/ Yoast SEO plugin. -->","yoast_head_json":{"title":"Golfipakett","description":"Golfipakett kahele Wasa Resort spaas","robots":{"index":"index","follow":"follow","max-snippet":"max-snippet:-1","max-image-preview":"max-image-preview:large","max-video-preview":"max-video-preview:-1"},"canonical":"https:\/\/wasahotels.ee\/resort\/fi\/golfipakett\/","og_locale":"fi_FI","og_type":"article","og_title":"Laboratorio Olfattivo","og_description":"LO br\u00e4nd pakub t\u00e4naseks lisaks parf\u00fc\u00fcmidele ka valiku toal\u00f5hnastajaid, nii pihustatavaid kui difuusereid.","og_url":"https:\/\/wasahotels.ee\/resort\/fi\/golfipakett\/","og_site_name":"Wasa Resort","article_publisher":"https:\/\/www.facebook.com\/wasaresort\/","article_modified_time":"2026-01-23T08:39:09+00:00","og_image":[{"width":1381,"height":876,"url":"https:\/\/wasahotels.ee\/resort\/wp-content\/uploads\/sites\/2\/2022\/05\/LO-orange-vaike.jpg","type":"image\/jpeg"}],"twitter_card":"summary_large_image","twitter_title":"Laboratorio Olfattivo","twitter_description":"LO br\u00e4nd pakub t\u00e4naseks lisaks parf\u00fc\u00fcmidele ka valiku toal\u00f5hnastajaid, nii pihustatavaid kui difuusereid.","twitter_image":"https:\/\/wasahotels.ee\/resort\/wp-content\/uploads\/sites\/2\/2022\/05\/LO-orange-vaike.jpg","twitter_misc":{"Arvioitu lukuaika":"2 minuuttia"},"schema":{"@context":"https:\/\/schema.org","@graph":[{"@type":"WebPage","@id":"https:\/\/wasahotels.ee\/resort\/fi\/golfipakett\/","url":"https:\/\/wasahotels.ee\/resort\/fi\/golfipakett\/","name":"Golfipakett","isPartOf":{"@id":"https:\/\/wasahotels.ee\/resort\/#website"},"datePublished":"2023-05-03T07:19:52+00:00","dateModified":"2026-01-23T08:39:09+00:00","description":"Golfipakett kahele Wasa Resort spaas","breadcrumb":{"@id":"https:\/\/wasahotels.ee\/resort\/fi\/golfipakett\/#breadcrumb"},"inLanguage":"fi","potentialAction":[{"@type":"ReadAction","target":["https:\/\/wasahotels.ee\/resort\/fi\/golfipakett\/"]}]},{"@type":"BreadcrumbList","@id":"https:\/\/wasahotels.ee\/resort\/fi\/golfipakett\/#breadcrumb","itemListElement":[{"@type":"ListItem","position":1,"name":"Home","item":"https:\/\/wasahotels.ee\/resort\/fi\/"},{"@type":"ListItem","position":2,"name":"GOLFPAKETTI kahdelle"}]},{"@type":"WebSite","@id":"https:\/\/wasahotels.ee\/resort\/#website","url":"https:\/\/wasahotels.ee\/resort\/","name":"Wasa Resort","description":"Wasa Resort","potentialAction":[{"@type":"SearchAction","target":{"@type":"EntryPoint","urlTemplate":"https:\/\/wasahotels.ee\/resort\/?s={search_term_string}"},"query-input":{"@type":"PropertyValueSpecification","valueRequired":true,"valueName":"search_term_string"}}],"inLanguage":"fi"}]}},"acf":[],"_links":{"self":[{"href":"https:\/\/wasahotels.ee\/resort\/fi\/wp-json\/wp\/v2\/pages\/24762","targetHints":{"allow":["GET"]}}],"collection":[{"href":"https:\/\/wasahotels.ee\/resort\/fi\/wp-json\/wp\/v2\/pages"}],"about":[{"href":"https:\/\/wasahotels.ee\/resort\/fi\/wp-json\/wp\/v2\/types\/page"}],"author":[{"embeddable":true,"href":"https:\/\/wasahotels.ee\/resort\/fi\/wp-json\/wp\/v2\/users\/11"}],"replies":[{"embeddable":true,"href":"https:\/\/wasahotels.ee\/resort\/fi\/wp-json\/wp\/v2\/comments?post=24762"}],"version-history":[{"count":7,"href":"https:\/\/wasahotels.ee\/resort\/fi\/wp-json\/wp\/v2\/pages\/24762\/revisions"}],"predecessor-version":[{"id":27546,"href":"https:\/\/wasahotels.ee\/resort\/fi\/wp-json\/wp\/v2\/pages\/24762\/revisions\/27546"}],"wp:attachment":[{"href":"https:\/\/wasahotels.ee\/resort\/fi\/wp-json\/wp\/v2\/media?parent=24762"}],"curies":[{"name":"wp","href":"https:\/\/api.w.org\/{rel}","templated":true}]}}