{"id":1902,"date":"2019-06-10T13:07:26","date_gmt":"2019-06-10T13:07:26","guid":{"rendered":"https:\/\/wasahotels.ee\/resort\/spa-etiquette\/"},"modified":"2023-08-11T10:06:26","modified_gmt":"2023-08-11T10:06:26","slug":"span-saannot","status":"publish","type":"page","link":"https:\/\/wasahotels.ee\/resort\/fi\/span-saannot\/","title":{"rendered":"Span s\u00e4\u00e4nn\u00f6t"},"content":{"rendered":"","protected":false},"excerpt":{"rendered":"","protected":false},"author":6,"featured_media":0,"parent":0,"menu_order":0,"comment_status":"closed","ping_status":"closed","template":"","meta":{"_acf_changed":false,"inline_featured_image":false,"footnotes":""},"class_list":["post-1902","page","type-page","status-publish","hentry"],"yoast_head":"<!-- This site is optimized with the Yoast SEO plugin v27.4 - https:\/\/yoast.com\/product\/yoast-seo-wordpress\/ -->\n<title>Span s\u00e4\u00e4nn\u00f6t - Wasa Resort<\/title>\n<meta name=\"description\" content=\"Haluamme sinun viihtyv\u00e4n meill\u00e4 ja unohtavan rentoutuessasi ja lev\u00e4tess\u00e4si kaikki huolesi.\" \/>\n<meta name=\"robots\" content=\"index, follow, max-snippet:-1, max-image-preview:large, max-video-preview:-1\" \/>\n<link rel=\"canonical\" href=\"https:\/\/wasahotels.ee\/resort\/fi\/span-saannot\/\" \/>\n<meta property=\"og:locale\" content=\"fi_FI\" \/>\n<meta property=\"og:type\" content=\"article\" \/>\n<meta property=\"og:title\" content=\"Span s\u00e4\u00e4nn\u00f6t - Wasa Resort\" \/>\n<meta property=\"og:description\" content=\"Haluamme sinun viihtyv\u00e4n meill\u00e4 ja unohtavan rentoutuessasi ja lev\u00e4tess\u00e4si kaikki huolesi.\" \/>\n<meta property=\"og:url\" content=\"https:\/\/wasahotels.ee\/resort\/fi\/span-saannot\/\" \/>\n<meta property=\"og:site_name\" content=\"Wasa Resort\" \/>\n<meta property=\"article:publisher\" content=\"https:\/\/www.facebook.com\/wasaresort\/\" \/>\n<meta property=\"article:modified_time\" content=\"2023-08-11T10:06:26+00:00\" \/>\n<meta property=\"og:image\" content=\"https:\/\/wasahotels.ee\/resort\/wp-content\/uploads\/sites\/2\/2019\/06\/WasaResort_bassein_TonuTunnel.com_-web.jpeg\" \/>\n\t<meta property=\"og:image:width\" content=\"1320\" \/>\n\t<meta property=\"og:image:height\" content=\"880\" \/>\n\t<meta property=\"og:image:type\" content=\"image\/jpeg\" \/>\n<meta name=\"twitter:card\" content=\"summary_large_image\" \/>\n<script type=\"application\/ld+json\" class=\"yoast-schema-graph\">{\"@context\":\"https:\\\/\\\/schema.org\",\"@graph\":[{\"@type\":\"WebPage\",\"@id\":\"https:\\\/\\\/wasahotels.ee\\\/resort\\\/fi\\\/span-saannot\\\/\",\"url\":\"https:\\\/\\\/wasahotels.ee\\\/resort\\\/fi\\\/span-saannot\\\/\",\"name\":\"Span s\u00e4\u00e4nn\u00f6t - Wasa Resort\",\"isPartOf\":{\"@id\":\"https:\\\/\\\/wasahotels.ee\\\/resort\\\/#website\"},\"datePublished\":\"2019-06-10T13:07:26+00:00\",\"dateModified\":\"2023-08-11T10:06:26+00:00\",\"description\":\"Haluamme sinun viihtyv\u00e4n meill\u00e4 ja unohtavan rentoutuessasi ja lev\u00e4tess\u00e4si kaikki huolesi.\",\"breadcrumb\":{\"@id\":\"https:\\\/\\\/wasahotels.ee\\\/resort\\\/fi\\\/span-saannot\\\/#breadcrumb\"},\"inLanguage\":\"fi\",\"potentialAction\":[{\"@type\":\"ReadAction\",\"target\":[\"https:\\\/\\\/wasahotels.ee\\\/resort\\\/fi\\\/span-saannot\\\/\"]}]},{\"@type\":\"BreadcrumbList\",\"@id\":\"https:\\\/\\\/wasahotels.ee\\\/resort\\\/fi\\\/span-saannot\\\/#breadcrumb\",\"itemListElement\":[{\"@type\":\"ListItem\",\"position\":1,\"name\":\"Home\",\"item\":\"https:\\\/\\\/wasahotels.ee\\\/resort\\\/fi\\\/\"},{\"@type\":\"ListItem\",\"position\":2,\"name\":\"Span s\u00e4\u00e4nn\u00f6t\"}]},{\"@type\":\"WebSite\",\"@id\":\"https:\\\/\\\/wasahotels.ee\\\/resort\\\/#website\",\"url\":\"https:\\\/\\\/wasahotels.ee\\\/resort\\\/\",\"name\":\"Wasa Resort\",\"description\":\"Wasa Resort\",\"potentialAction\":[{\"@type\":\"SearchAction\",\"target\":{\"@type\":\"EntryPoint\",\"urlTemplate\":\"https:\\\/\\\/wasahotels.ee\\\/resort\\\/?s={search_term_string}\"},\"query-input\":{\"@type\":\"PropertyValueSpecification\",\"valueRequired\":true,\"valueName\":\"search_term_string\"}}],\"inLanguage\":\"fi\"}]}<\/script>\n<!-- \/ Yoast SEO plugin. -->","yoast_head_json":{"title":"Span s\u00e4\u00e4nn\u00f6t - Wasa Resort","description":"Haluamme sinun viihtyv\u00e4n meill\u00e4 ja unohtavan rentoutuessasi ja lev\u00e4tess\u00e4si kaikki huolesi.","robots":{"index":"index","follow":"follow","max-snippet":"max-snippet:-1","max-image-preview":"max-image-preview:large","max-video-preview":"max-video-preview:-1"},"canonical":"https:\/\/wasahotels.ee\/resort\/fi\/span-saannot\/","og_locale":"fi_FI","og_type":"article","og_title":"Span s\u00e4\u00e4nn\u00f6t - Wasa Resort","og_description":"Haluamme sinun viihtyv\u00e4n meill\u00e4 ja unohtavan rentoutuessasi ja lev\u00e4tess\u00e4si kaikki huolesi.","og_url":"https:\/\/wasahotels.ee\/resort\/fi\/span-saannot\/","og_site_name":"Wasa Resort","article_publisher":"https:\/\/www.facebook.com\/wasaresort\/","article_modified_time":"2023-08-11T10:06:26+00:00","og_image":[{"width":1320,"height":880,"url":"https:\/\/wasahotels.ee\/resort\/wp-content\/uploads\/sites\/2\/2019\/06\/WasaResort_bassein_TonuTunnel.com_-web.jpeg","type":"image\/jpeg"}],"twitter_card":"summary_large_image","schema":{"@context":"https:\/\/schema.org","@graph":[{"@type":"WebPage","@id":"https:\/\/wasahotels.ee\/resort\/fi\/span-saannot\/","url":"https:\/\/wasahotels.ee\/resort\/fi\/span-saannot\/","name":"Span s\u00e4\u00e4nn\u00f6t - Wasa Resort","isPartOf":{"@id":"https:\/\/wasahotels.ee\/resort\/#website"},"datePublished":"2019-06-10T13:07:26+00:00","dateModified":"2023-08-11T10:06:26+00:00","description":"Haluamme sinun viihtyv\u00e4n meill\u00e4 ja unohtavan rentoutuessasi ja lev\u00e4tess\u00e4si kaikki huolesi.","breadcrumb":{"@id":"https:\/\/wasahotels.ee\/resort\/fi\/span-saannot\/#breadcrumb"},"inLanguage":"fi","potentialAction":[{"@type":"ReadAction","target":["https:\/\/wasahotels.ee\/resort\/fi\/span-saannot\/"]}]},{"@type":"BreadcrumbList","@id":"https:\/\/wasahotels.ee\/resort\/fi\/span-saannot\/#breadcrumb","itemListElement":[{"@type":"ListItem","position":1,"name":"Home","item":"https:\/\/wasahotels.ee\/resort\/fi\/"},{"@type":"ListItem","position":2,"name":"Span s\u00e4\u00e4nn\u00f6t"}]},{"@type":"WebSite","@id":"https:\/\/wasahotels.ee\/resort\/#website","url":"https:\/\/wasahotels.ee\/resort\/","name":"Wasa Resort","description":"Wasa Resort","potentialAction":[{"@type":"SearchAction","target":{"@type":"EntryPoint","urlTemplate":"https:\/\/wasahotels.ee\/resort\/?s={search_term_string}"},"query-input":{"@type":"PropertyValueSpecification","valueRequired":true,"valueName":"search_term_string"}}],"inLanguage":"fi"}]}},"acf":[],"_links":{"self":[{"href":"https:\/\/wasahotels.ee\/resort\/fi\/wp-json\/wp\/v2\/pages\/1902","targetHints":{"allow":["GET"]}}],"collection":[{"href":"https:\/\/wasahotels.ee\/resort\/fi\/wp-json\/wp\/v2\/pages"}],"about":[{"href":"https:\/\/wasahotels.ee\/resort\/fi\/wp-json\/wp\/v2\/types\/page"}],"author":[{"embeddable":true,"href":"https:\/\/wasahotels.ee\/resort\/fi\/wp-json\/wp\/v2\/users\/6"}],"replies":[{"embeddable":true,"href":"https:\/\/wasahotels.ee\/resort\/fi\/wp-json\/wp\/v2\/comments?post=1902"}],"version-history":[{"count":5,"href":"https:\/\/wasahotels.ee\/resort\/fi\/wp-json\/wp\/v2\/pages\/1902\/revisions"}],"predecessor-version":[{"id":16235,"href":"https:\/\/wasahotels.ee\/resort\/fi\/wp-json\/wp\/v2\/pages\/1902\/revisions\/16235"}],"wp:attachment":[{"href":"https:\/\/wasahotels.ee\/resort\/fi\/wp-json\/wp\/v2\/media?parent=1902"}],"curies":[{"name":"wp","href":"https:\/\/api.w.org\/{rel}","templated":true}]}}