{"id":50,"date":"2018-12-19T14:45:31","date_gmt":"2018-12-19T14:45:31","guid":{"rendered":"https:\/\/wasahotels.ee\/avaleht\/"},"modified":"2020-06-09T09:29:31","modified_gmt":"2020-06-09T09:29:31","slug":"avaleht","status":"publish","type":"page","link":"https:\/\/wasahotels.ee\/fi\/","title":{"rendered":"Avaleht"},"content":{"rendered":"","protected":false},"excerpt":{"rendered":"","protected":false},"author":1,"featured_media":0,"parent":0,"menu_order":0,"comment_status":"closed","ping_status":"open","template":"","meta":{"_acf_changed":false,"inline_featured_image":false,"footnotes":""},"class_list":["post-50","page","type-page","status-publish","hentry"],"yoast_head":"<!-- This site is optimized with the Yoast SEO plugin v27.4 - https:\/\/yoast.com\/product\/yoast-seo-wordpress\/ -->\n<title>Wasa Hotels P\u00e4rnussa, Viro I Wasa Resort - P\u00e4rnun uusin kylpyl\u00e4hotelli<\/title>\n<meta name=\"description\" content=\"P\u00e4rnun uusin kylpyl\u00e4hotelliyksityiset huoneistotkylpyl\u00e4 ja ravintola \u2013 Wasa Resort I Historinen ymp\u00e4rist\u00f6, yksityinen majoitus, hoitopaketit - Wasa hotel\" \/>\n<meta name=\"robots\" content=\"index, follow, max-snippet:-1, max-image-preview:large, max-video-preview:-1\" \/>\n<link rel=\"canonical\" href=\"https:\/\/wasahotels.ee\/fi\/\" \/>\n<meta property=\"og:locale\" content=\"fi_FI\" \/>\n<meta property=\"og:type\" content=\"article\" \/>\n<meta property=\"og:title\" content=\"Wasa Hotels P\u00e4rnussa, Viro I Wasa Resort - P\u00e4rnun uusin kylpyl\u00e4hotelli\" \/>\n<meta property=\"og:description\" content=\"P\u00e4rnun uusin kylpyl\u00e4hotelliyksityiset huoneistotkylpyl\u00e4 ja ravintola \u2013 Wasa Resort I Historinen ymp\u00e4rist\u00f6, yksityinen majoitus, hoitopaketit - Wasa hotel\" \/>\n<meta property=\"og:url\" content=\"https:\/\/wasahotels.ee\/fi\/\" \/>\n<meta property=\"og:site_name\" content=\"Wasa Group\" \/>\n<meta property=\"article:modified_time\" content=\"2020-06-09T09:29:31+00:00\" \/>\n<meta name=\"twitter:card\" content=\"summary_large_image\" \/>\n<script type=\"application\/ld+json\" class=\"yoast-schema-graph\">{\"@context\":\"https:\\\/\\\/schema.org\",\"@graph\":[{\"@type\":\"WebPage\",\"@id\":\"https:\\\/\\\/wasahotels.ee\\\/fi\\\/\",\"url\":\"https:\\\/\\\/wasahotels.ee\\\/fi\\\/\",\"name\":\"Wasa Hotels P\u00e4rnussa, Viro I Wasa Resort - P\u00e4rnun uusin kylpyl\u00e4hotelli\",\"isPartOf\":{\"@id\":\"https:\\\/\\\/wasahotels.ee\\\/#website\"},\"datePublished\":\"2018-12-19T14:45:31+00:00\",\"dateModified\":\"2020-06-09T09:29:31+00:00\",\"description\":\"P\u00e4rnun uusin kylpyl\u00e4hotelliyksityiset huoneistotkylpyl\u00e4 ja ravintola \u2013 Wasa Resort I Historinen ymp\u00e4rist\u00f6, yksityinen majoitus, hoitopaketit - Wasa hotel\",\"breadcrumb\":{\"@id\":\"https:\\\/\\\/wasahotels.ee\\\/fi\\\/#breadcrumb\"},\"inLanguage\":\"fi\",\"potentialAction\":[{\"@type\":\"ReadAction\",\"target\":[\"https:\\\/\\\/wasahotels.ee\\\/fi\\\/\"]}]},{\"@type\":\"BreadcrumbList\",\"@id\":\"https:\\\/\\\/wasahotels.ee\\\/fi\\\/#breadcrumb\",\"itemListElement\":[{\"@type\":\"ListItem\",\"position\":1,\"name\":\"Home\",\"item\":\"https:\\\/\\\/wasahotels.ee\\\/fi\\\/\"},{\"@type\":\"ListItem\",\"position\":2,\"name\":\"Avaleht\"}]},{\"@type\":\"WebSite\",\"@id\":\"https:\\\/\\\/wasahotels.ee\\\/#website\",\"url\":\"https:\\\/\\\/wasahotels.ee\\\/\",\"name\":\"Wasa Group\",\"description\":\"Wasa Resort \\\/ Taastusravi &amp; hotell\",\"potentialAction\":[{\"@type\":\"SearchAction\",\"target\":{\"@type\":\"EntryPoint\",\"urlTemplate\":\"https:\\\/\\\/wasahotels.ee\\\/?s={search_term_string}\"},\"query-input\":{\"@type\":\"PropertyValueSpecification\",\"valueRequired\":true,\"valueName\":\"search_term_string\"}}],\"inLanguage\":\"fi\"}]}<\/script>\n<!-- \/ Yoast SEO plugin. -->","yoast_head_json":{"title":"Wasa Hotels P\u00e4rnussa, Viro I Wasa Resort - P\u00e4rnun uusin kylpyl\u00e4hotelli","description":"P\u00e4rnun uusin kylpyl\u00e4hotelliyksityiset huoneistotkylpyl\u00e4 ja ravintola \u2013 Wasa Resort I Historinen ymp\u00e4rist\u00f6, yksityinen majoitus, hoitopaketit - Wasa hotel","robots":{"index":"index","follow":"follow","max-snippet":"max-snippet:-1","max-image-preview":"max-image-preview:large","max-video-preview":"max-video-preview:-1"},"canonical":"https:\/\/wasahotels.ee\/fi\/","og_locale":"fi_FI","og_type":"article","og_title":"Wasa Hotels P\u00e4rnussa, Viro I Wasa Resort - P\u00e4rnun uusin kylpyl\u00e4hotelli","og_description":"P\u00e4rnun uusin kylpyl\u00e4hotelliyksityiset huoneistotkylpyl\u00e4 ja ravintola \u2013 Wasa Resort I Historinen ymp\u00e4rist\u00f6, yksityinen majoitus, hoitopaketit - Wasa hotel","og_url":"https:\/\/wasahotels.ee\/fi\/","og_site_name":"Wasa Group","article_modified_time":"2020-06-09T09:29:31+00:00","twitter_card":"summary_large_image","schema":{"@context":"https:\/\/schema.org","@graph":[{"@type":"WebPage","@id":"https:\/\/wasahotels.ee\/fi\/","url":"https:\/\/wasahotels.ee\/fi\/","name":"Wasa Hotels P\u00e4rnussa, Viro I Wasa Resort - P\u00e4rnun uusin kylpyl\u00e4hotelli","isPartOf":{"@id":"https:\/\/wasahotels.ee\/#website"},"datePublished":"2018-12-19T14:45:31+00:00","dateModified":"2020-06-09T09:29:31+00:00","description":"P\u00e4rnun uusin kylpyl\u00e4hotelliyksityiset huoneistotkylpyl\u00e4 ja ravintola \u2013 Wasa Resort I Historinen ymp\u00e4rist\u00f6, yksityinen majoitus, hoitopaketit - Wasa hotel","breadcrumb":{"@id":"https:\/\/wasahotels.ee\/fi\/#breadcrumb"},"inLanguage":"fi","potentialAction":[{"@type":"ReadAction","target":["https:\/\/wasahotels.ee\/fi\/"]}]},{"@type":"BreadcrumbList","@id":"https:\/\/wasahotels.ee\/fi\/#breadcrumb","itemListElement":[{"@type":"ListItem","position":1,"name":"Home","item":"https:\/\/wasahotels.ee\/fi\/"},{"@type":"ListItem","position":2,"name":"Avaleht"}]},{"@type":"WebSite","@id":"https:\/\/wasahotels.ee\/#website","url":"https:\/\/wasahotels.ee\/","name":"Wasa Group","description":"Wasa Resort \/ Taastusravi &amp; hotell","potentialAction":[{"@type":"SearchAction","target":{"@type":"EntryPoint","urlTemplate":"https:\/\/wasahotels.ee\/?s={search_term_string}"},"query-input":{"@type":"PropertyValueSpecification","valueRequired":true,"valueName":"search_term_string"}}],"inLanguage":"fi"}]}},"acf":[],"_links":{"self":[{"href":"https:\/\/wasahotels.ee\/fi\/wp-json\/wp\/v2\/pages\/50","targetHints":{"allow":["GET"]}}],"collection":[{"href":"https:\/\/wasahotels.ee\/fi\/wp-json\/wp\/v2\/pages"}],"about":[{"href":"https:\/\/wasahotels.ee\/fi\/wp-json\/wp\/v2\/types\/page"}],"author":[{"embeddable":true,"href":"https:\/\/wasahotels.ee\/fi\/wp-json\/wp\/v2\/users\/1"}],"replies":[{"embeddable":true,"href":"https:\/\/wasahotels.ee\/fi\/wp-json\/wp\/v2\/comments?post=50"}],"version-history":[{"count":6,"href":"https:\/\/wasahotels.ee\/fi\/wp-json\/wp\/v2\/pages\/50\/revisions"}],"predecessor-version":[{"id":155,"href":"https:\/\/wasahotels.ee\/fi\/wp-json\/wp\/v2\/pages\/50\/revisions\/155"}],"wp:attachment":[{"href":"https:\/\/wasahotels.ee\/fi\/wp-json\/wp\/v2\/media?parent=50"}],"curies":[{"name":"wp","href":"https:\/\/api.w.org\/{rel}","templated":true}]}}